{"id":964,"date":"2026-03-03T10:28:31","date_gmt":"2026-03-03T10:28:31","guid":{"rendered":"https:\/\/fonelight.com\/?post_type=product&#038;p=964"},"modified":"2026-03-31T06:55:57","modified_gmt":"2026-03-31T06:55:57","slug":"egitera-aluminyum-kazikli-bahce-aydinlatmasi","status":"publish","type":"product","link":"https:\/\/fonelight.com\/tr\/product\/egitera-landscape-spotlight-garden-lawn-lighting-fixture\/","title":{"rendered":"Egitera Al\u00fcminyum Kaz\u0131kl\u0131 \u00c7im Armat\u00fcr\u00fc Spot Bah\u00e7e Ayd\u0131nlatma"},"content":{"rendered":"<h3>\u00dcr\u00fcn \u00d6zellikleri<\/h3>\n<ul>\n<li class=\"translation-block\"><strong>Uzunluk:<\/strong> 80x140x330 mm<\/li>\n<li class=\"translation-block\"><strong>G\u00fc\u00e7 (Watt):<\/strong> 7W<\/li>\n<li><strong>LED Driver:<\/strong> BRIDGELUX-LEDHOUSE<\/li>\n<li class=\"translation-block\"><strong>Koruma S\u0131n\u0131f\u0131:<\/strong> IP65<\/li>\n<li class=\"translation-block\"><strong>G\u00f6vde Malzemesi:<\/strong> Al\u00fcminyum<\/li>\n<li class=\"translation-block\"><strong>Kullan\u0131m Alanlar\u0131:<\/strong> Bah\u00e7e Ayd\u0131nlatma, \u00c7im Ayd\u0131nlatma, Peyzaj Ayd\u0131nlatma<\/li>\n<li class=\"translation-block\"><strong>Stil:<\/strong> D\u0131\u015f Mekan Ayd\u0131nlatmas\u0131<\/li>\n<\/ul>","protected":false},"excerpt":{"rendered":"<p>Dayan\u0131kl\u0131 al\u00fcminyum yap\u0131ya sahip modern bir peyzaj projekt\u00f6r\u00fc. Bah\u00e7e \u00f6gelerini, \u00e7imleri ve mimari unsurlar\u0131 vurgulamak i\u00e7in m\u00fckemmeldir.<\/p>","protected":false},"featured_media":991,"template":"","meta":{"_acf_changed":false},"product_brand":[31],"product_cat":[122,95,96,121,97],"product_tag":[99,101,102,103,104,42],"class_list":{"0":"post-964","1":"product","2":"type-product","3":"status-publish","4":"has-post-thumbnail","6":"product_brand-fonelight","7":"product_cat-egitera-model","8":"product_cat-garden-lights","9":"product_cat-landscape-lighting","10":"product_cat-landscape-spotlight","11":"product_cat-outdoor-lights","12":"product_tag-aluminum-light","13":"product_tag-garden-lighting","14":"product_tag-landscape-lighting","15":"product_tag-outdoor-led-light","16":"product_tag-outdoor-lighting","17":"product_tag-spotlight","18":"product_shipping_class-free-shipping","20":"first","21":"instock","22":"sold-individually","23":"shipping-taxable","24":"purchasable","25":"product-type-variable","26":"has-default-attributes"},"acf":[],"_links":{"self":[{"href":"https:\/\/fonelight.com\/tr\/wp-json\/wp\/v2\/product\/964","targetHints":{"allow":["GET"]}}],"collection":[{"href":"https:\/\/fonelight.com\/tr\/wp-json\/wp\/v2\/product"}],"about":[{"href":"https:\/\/fonelight.com\/tr\/wp-json\/wp\/v2\/types\/product"}],"wp:featuredmedia":[{"embeddable":true,"href":"https:\/\/fonelight.com\/tr\/wp-json\/wp\/v2\/media\/991"}],"wp:attachment":[{"href":"https:\/\/fonelight.com\/tr\/wp-json\/wp\/v2\/media?parent=964"}],"wp:term":[{"taxonomy":"product_brand","embeddable":true,"href":"https:\/\/fonelight.com\/tr\/wp-json\/wp\/v2\/product_brand?post=964"},{"taxonomy":"product_cat","embeddable":true,"href":"https:\/\/fonelight.com\/tr\/wp-json\/wp\/v2\/product_cat?post=964"},{"taxonomy":"product_tag","embeddable":true,"href":"https:\/\/fonelight.com\/tr\/wp-json\/wp\/v2\/product_tag?post=964"}],"curies":[{"name":"wp","href":"https:\/\/api.w.org\/{rel}","templated":true}]}}