{"id":1028,"date":"2026-03-03T10:28:55","date_gmt":"2026-03-03T10:28:55","guid":{"rendered":"https:\/\/fonelight.com\/?post_type=product&#038;p=1028"},"modified":"2026-04-01T09:05:41","modified_gmt":"2026-04-01T09:05:41","slug":"polera-aluminyum-bahce-peyzaj-yuruyus-yolu-aydinlatmasi","status":"publish","type":"product","link":"https:\/\/fonelight.com\/tr\/product\/polera-aluminum-garden-lighting-bollard\/","title":{"rendered":"Polera Al\u00fcminyum D\u0131\u015f Mekan Bah\u00e7e Ayd\u0131nlatmas\u0131"},"content":{"rendered":"<p><strong>Body Material:<\/strong>\u00a0Al\u00fcminyum<\/p>\n<p><strong>Size Options:<\/strong> 5 x 9 x 50 cm, 5 x 9 x 80 cm, 5 x 9 x 100 cm<\/p>\n<p><strong>IP-Class:<\/strong>\u00a0IP65 (Su ve Toz Ge\u00e7irmez)<\/p>\n<p><strong>Body Colour Options:<\/strong> Antrasit Gri (RAL 7016), Siyah (RAL 9005), Toplu Sipari\u015fler i\u00e7in \u00d6zelle\u015ftirilebilir Renk<\/p>\n<p><strong>Paint Type:<\/strong>\u00a0Elektrostatik Toz Boya<\/p>\n<p><strong>Power Source:<\/strong>\u00a0Elektrik<\/p>\n<p><strong>Watt:<\/strong> 18W<\/p>\n<p><strong>Lamp Type:<\/strong> Led \u0131\u015f\u0131k<\/p>\n<p><strong>Light Temperature Options:<\/strong>\u00a03000K, 4000K, 6500K, \u00d6zelle\u015ftirilebilir.<\/p>\n<p><strong>Applicable Areas:<\/strong> Bah\u00e7e ayd\u0131nlatmas\u0131, peyzaj ayd\u0131nlatmas\u0131, yol ayd\u0131nlatmas\u0131, ge\u00e7it ayd\u0131nlatmas\u0131, d\u0131\u015f mekan ayd\u0131nlatmas\u0131.<\/p>","protected":false},"excerpt":{"rendered":"<p>Yollar ve kentsel alanlar i\u00e7in mimari s\u0131n\u0131f iskele lambas\u0131. Minimalist modern tasar\u0131ma sahip al\u00fcminyum konstr\u00fcksiyon.<\/p>","protected":false},"featured_media":1044,"template":"","meta":{"_acf_changed":false},"product_brand":[31],"product_cat":[94,95],"product_tag":[],"class_list":{"0":"post-1028","1":"product","2":"type-product","3":"status-publish","4":"has-post-thumbnail","6":"product_brand-fonelight","7":"product_cat-bollards-lights","8":"product_cat-garden-lights","10":"first","11":"instock","12":"shipping-taxable","13":"purchasable","14":"product-type-variable","15":"has-default-attributes"},"acf":[],"_links":{"self":[{"href":"https:\/\/fonelight.com\/tr\/wp-json\/wp\/v2\/product\/1028","targetHints":{"allow":["GET"]}}],"collection":[{"href":"https:\/\/fonelight.com\/tr\/wp-json\/wp\/v2\/product"}],"about":[{"href":"https:\/\/fonelight.com\/tr\/wp-json\/wp\/v2\/types\/product"}],"wp:featuredmedia":[{"embeddable":true,"href":"https:\/\/fonelight.com\/tr\/wp-json\/wp\/v2\/media\/1044"}],"wp:attachment":[{"href":"https:\/\/fonelight.com\/tr\/wp-json\/wp\/v2\/media?parent=1028"}],"wp:term":[{"taxonomy":"product_brand","embeddable":true,"href":"https:\/\/fonelight.com\/tr\/wp-json\/wp\/v2\/product_brand?post=1028"},{"taxonomy":"product_cat","embeddable":true,"href":"https:\/\/fonelight.com\/tr\/wp-json\/wp\/v2\/product_cat?post=1028"},{"taxonomy":"product_tag","embeddable":true,"href":"https:\/\/fonelight.com\/tr\/wp-json\/wp\/v2\/product_tag?post=1028"}],"curies":[{"name":"wp","href":"https:\/\/api.w.org\/{rel}","templated":true}]}}