{"id":43,"date":"2026-02-23T13:54:58","date_gmt":"2026-02-23T13:54:58","guid":{"rendered":"https:\/\/fonelight.com\/?page_id=43"},"modified":"2026-02-26T08:52:25","modified_gmt":"2026-02-26T08:52:25","slug":"sertifikalar","status":"publish","type":"page","link":"https:\/\/fonelight.com\/tr\/certificates\/","title":{"rendered":"Sertifikalar"},"content":{"rendered":"<div data-elementor-type=\"wp-page\" data-elementor-id=\"43\" class=\"elementor elementor-43\" data-elementor-post-type=\"page\">\n\t\t\t\t\t\t<section class=\"elementor-section elementor-top-section elementor-element elementor-element-3fc658fd elementor-section-boxed elementor-section-height-default elementor-section-height-default\" data-id=\"3fc658fd\" data-element_type=\"section\" data-e-type=\"section\" data-settings=\"{&quot;background_background&quot;:&quot;classic&quot;}\">\n\t\t\t\t\t\t<div class=\"elementor-container elementor-column-gap-default\">\n\t\t\t\t\t<div class=\"elementor-column elementor-col-50 elementor-top-column elementor-element elementor-element-738406b6\" data-id=\"738406b6\" data-element_type=\"column\" data-e-type=\"column\">\n\t\t\t<div class=\"elementor-widget-wrap elementor-element-populated\">\n\t\t\t\t\t\t<div class=\"elementor-element elementor-element-10785ea5 elementor-widget elementor-widget-heading\" data-id=\"10785ea5\" data-element_type=\"widget\" data-e-type=\"widget\" data-widget_type=\"heading.default\">\n\t\t\t\t\t<h2 class=\"elementor-heading-title elementor-size-default\">Sertifikalar<\/h2>\t\t\t\t<\/div>\n\t\t\t\t<div class=\"elementor-element elementor-element-47bee589 elementor-widget elementor-widget-text-editor\" data-id=\"47bee589\" data-element_type=\"widget\" data-e-type=\"widget\" data-widget_type=\"text-editor.default\">\n\t\t\t\t\t\t\t\t\tFoneLight Technologies olarak kalite, yenilik\u00e7ilik ve \u00e7evresel sorumlulu\u011fu \u00f6n planda tutuyoruz. \u00dcr\u00fcnlerimiz, g\u00fcvenilir performans ve \u00e7evre dostu \u00fcretim s\u00fcre\u00e7leri sa\u011flayarak en y\u00fcksek uluslararas\u0131 standartlar\u0131 kar\u015f\u0131layacak \u015fekilde sertifikaland\u0131r\u0131lm\u0131\u015ft\u0131r. Kalite g\u00fcvencesi, g\u00fcvenlik ve s\u00fcrd\u00fcr\u00fclebilirlik sertifikalar\u0131yla, gezegeni korurken beklentileri a\u015fan ayd\u0131nlatma \u00e7\u00f6z\u00fcmleri sunmay\u0131 taahh\u00fct ediyoruz.\t\t\t\t\t\t\t\t<\/div>\n\t\t\t\t\t<\/div>\n\t\t<\/div>\n\t\t\t\t<div class=\"elementor-column elementor-col-50 elementor-top-column elementor-element elementor-element-7f4ed1bf\" data-id=\"7f4ed1bf\" data-element_type=\"column\" data-e-type=\"column\">\n\t\t\t<div class=\"elementor-widget-wrap elementor-element-populated\">\n\t\t\t\t\t\t<div class=\"elementor-element elementor-element-6240ccdc elementor-icon-list--layout-inline elementor-align-end elementor-mobile-align-start elementor-list-item-link-full_width elementor-widget elementor-widget-icon-list\" data-id=\"6240ccdc\" data-element_type=\"widget\" data-e-type=\"widget\" data-widget_type=\"icon-list.default\">\n\t\t\t\t\t\t\t<ul class=\"elementor-icon-list-items elementor-inline-items\">\n\t\t\t\t\t\t\t<li class=\"elementor-icon-list-item elementor-inline-item\">\n\t\t\t\t\t\t\t\t\t\t\t<a href=\"https:\/\/fonelight.com\/tr\">\n\n\t\t\t\t\t\t\t\t\t\t\t<span class=\"elementor-icon-list-text\">Anasayfa<\/span>\n\t\t\t\t\t\t\t\t\t\t\t<\/a>\n\t\t\t\t\t\t\t\t\t<\/li>\n\t\t\t\t\t\t\t\t<li class=\"elementor-icon-list-item elementor-inline-item\">\n\t\t\t\t\t\t\t\t\t\t\t<span class=\"elementor-icon-list-icon\">\n\t\t\t\t\t\t\t<svg aria-hidden=\"true\" class=\"e-font-icon-svg e-fas-angle-right\" viewbox=\"0 0 256 512\" xmlns=\"http:\/\/www.w3.org\/2000\/svg\"><path d=\"M224.3 273l-136 136c-9.4 9.4-24.6 9.4-33.9 0l-22.6-22.6c-9.4-9.4-9.4-24.6 0-33.9l96.4-96.4-96.4-96.4c-9.4-9.4-9.4-24.6 0-33.9L54.3 103c9.4-9.4 24.6-9.4 33.9 0l136 136c9.5 9.4 9.5 24.6.1 34z\"><\/path><\/svg>\t\t\t\t\t\t<\/span>\n\t\t\t\t\t\t\t\t\t\t<span class=\"elementor-icon-list-text\">Sertifikalar<\/span>\n\t\t\t\t\t\t\t\t\t<\/li>\n\t\t\t\t\t\t<\/ul>\n\t\t\t\t\t\t<\/div>\n\t\t\t\t\t<\/div>\n\t\t<\/div>\n\t\t\t\t\t<\/div>\n\t\t<\/section>\n\t\t<div class=\"elementor-element elementor-element-5428a0ac elementor-hidden-mobile e-flex e-con-boxed e-con e-parent\" data-id=\"5428a0ac\" data-element_type=\"container\" data-e-type=\"container\">\n\t\t\t\t\t<div class=\"e-con-inner\">\n\t\t<div class=\"elementor-element elementor-element-73d08f14 e-con-full e-flex e-con e-child\" data-id=\"73d08f14\" data-element_type=\"container\" data-e-type=\"container\">\n\t\t<div class=\"elementor-element elementor-element-30001216 e-con-full e-flex e-con e-child\" data-id=\"30001216\" data-element_type=\"container\" data-e-type=\"container\">\n\t\t\t\t<div class=\"elementor-element elementor-element-2f11dbe8 elementor-widget elementor-widget-image\" data-id=\"2f11dbe8\" data-element_type=\"widget\" data-e-type=\"widget\" data-widget_type=\"image.default\">\n\t\t\t\t\t\t\t\t\t\t\t\t\t\t\t<img fetchpriority=\"high\" decoding=\"async\" width=\"212\" height=\"300\" src=\"https:\/\/fonelight.com\/wp-content\/uploads\/2026\/02\/MAYREK-ACIK-HAVA-REKLAM-45-1-212x300-1.webp\" class=\"attachment-full size-full wp-image-612\" alt=\"\" \/>\t\t\t\t\t\t\t\t\t\t\t\t\t\t\t<\/div>\n\t\t\t\t<\/div>\n\t\t<div class=\"elementor-element elementor-element-573f8c77 e-con-full e-flex e-con e-child\" data-id=\"573f8c77\" data-element_type=\"container\" data-e-type=\"container\">\n\t\t\t\t<div class=\"elementor-element elementor-element-38ba8c39 elementor-widget elementor-widget-image\" data-id=\"38ba8c39\" data-element_type=\"widget\" data-e-type=\"widget\" data-widget_type=\"image.default\">\n\t\t\t\t\t\t\t\t\t\t\t\t\t\t\t<img decoding=\"async\" width=\"212\" height=\"300\" src=\"https:\/\/fonelight.com\/wp-content\/uploads\/2026\/02\/MAYREK-ACIK-HAVA-REKLAM-14-1-212x300-1.webp\" class=\"attachment-full size-full wp-image-613\" alt=\"\" \/>\t\t\t\t\t\t\t\t\t\t\t\t\t\t\t<\/div>\n\t\t\t\t<\/div>\n\t\t<div class=\"elementor-element elementor-element-75242d4a e-con-full e-flex e-con e-child\" data-id=\"75242d4a\" data-element_type=\"container\" data-e-type=\"container\">\n\t\t\t\t<div class=\"elementor-element elementor-element-58585ae4 elementor-widget elementor-widget-image\" data-id=\"58585ae4\" data-element_type=\"widget\" data-e-type=\"widget\" data-widget_type=\"image.default\">\n\t\t\t\t\t\t\t\t\t\t\t\t\t\t\t<img decoding=\"async\" width=\"212\" height=\"300\" src=\"https:\/\/fonelight.com\/wp-content\/uploads\/2026\/02\/MAYREK-ACIK-HAVA-REKLAM-9-1-212x300-1.webp\" class=\"attachment-full size-full wp-image-614\" alt=\"\" \/>\t\t\t\t\t\t\t\t\t\t\t\t\t\t\t<\/div>\n\t\t\t\t<\/div>\n\t\t\t\t<\/div>\n\t\t\t\t\t<\/div>\n\t\t\t\t<\/div>\n\t\t<div class=\"elementor-element elementor-element-61ba891e elementor-hidden-mobile e-flex e-con-boxed e-con e-parent\" data-id=\"61ba891e\" data-element_type=\"container\" data-e-type=\"container\">\n\t\t\t\t\t<div class=\"e-con-inner\">\n\t\t<div class=\"elementor-element elementor-element-e769f8d e-con-full e-flex e-con e-child\" data-id=\"e769f8d\" data-element_type=\"container\" data-e-type=\"container\">\n\t\t<div class=\"elementor-element elementor-element-238f4f4f e-con-full e-flex e-con e-child\" data-id=\"238f4f4f\" data-element_type=\"container\" data-e-type=\"container\">\n\t\t\t\t<div class=\"elementor-element elementor-element-3f98e394 elementor-widget elementor-widget-image\" data-id=\"3f98e394\" data-element_type=\"widget\" data-e-type=\"widget\" data-widget_type=\"image.default\">\n\t\t\t\t\t\t\t\t\t\t\t\t\t\t\t<img loading=\"lazy\" decoding=\"async\" width=\"212\" height=\"300\" src=\"https:\/\/fonelight.com\/wp-content\/uploads\/2026\/02\/TRM-24-2537-01-Bahce-Aydinlatma-Armaturu-Rev.01-212x300-1.webp\" class=\"attachment-full size-full wp-image-615\" alt=\"\" \/>\t\t\t\t\t\t\t\t\t\t\t\t\t\t\t<\/div>\n\t\t\t\t<\/div>\n\t\t<div class=\"elementor-element elementor-element-29c1de05 e-con-full e-flex e-con e-child\" data-id=\"29c1de05\" data-element_type=\"container\" data-e-type=\"container\">\n\t\t\t\t<div class=\"elementor-element elementor-element-796e3821 elementor-widget elementor-widget-image\" data-id=\"796e3821\" data-element_type=\"widget\" data-e-type=\"widget\" data-widget_type=\"image.default\">\n\t\t\t\t\t\t\t\t\t\t\t\t\t\t\t<img loading=\"lazy\" decoding=\"async\" width=\"212\" height=\"300\" src=\"https:\/\/fonelight.com\/wp-content\/uploads\/2026\/02\/TRM-24-2537-02-Yol-Aydinlatma-Armaturu-212x300-1.webp\" class=\"attachment-full size-full wp-image-616\" alt=\"\" \/>\t\t\t\t\t\t\t\t\t\t\t\t\t\t\t<\/div>\n\t\t\t\t<\/div>\n\t\t<div class=\"elementor-element elementor-element-4a7319f4 e-con-full e-flex e-con e-child\" data-id=\"4a7319f4\" data-element_type=\"container\" data-e-type=\"container\">\n\t\t\t\t<div class=\"elementor-element elementor-element-67c9f2d6 elementor-widget elementor-widget-image\" data-id=\"67c9f2d6\" data-element_type=\"widget\" data-e-type=\"widget\" data-widget_type=\"image.default\">\n\t\t\t\t\t\t\t\t\t\t\t\t\t\t\t<img loading=\"lazy\" decoding=\"async\" width=\"212\" height=\"300\" src=\"https:\/\/fonelight.com\/wp-content\/uploads\/2026\/02\/TRM-24-2537-03-Duvar-Apligi-Armaturu-212x300-1.webp\" class=\"attachment-full size-full wp-image-617\" alt=\"\" \/>\t\t\t\t\t\t\t\t\t\t\t\t\t\t\t<\/div>\n\t\t\t\t<\/div>\n\t\t\t\t<\/div>\n\t\t\t\t\t<\/div>\n\t\t\t\t<\/div>\n\t\t\t\t<\/div>","protected":false},"excerpt":{"rendered":"<p>FoneLight Technologies, we prioritize quality, innovation, and environmental responsibility. Our products are certified to meet the highest international standards, ensuring reliable performance and eco-friendly manufacturing processes. With certifications in quality assurance, safety, and sustainability, we are committed to providing lighting solutions that exceed expectations while protecting the planet. Home<\/p>","protected":false},"author":1,"featured_media":0,"parent":0,"menu_order":0,"comment_status":"closed","ping_status":"closed","template":"elementor_header_footer","meta":{"_acf_changed":false,"footnotes":""},"class_list":["post-43","page","type-page","status-publish","hentry"],"acf":[],"_links":{"self":[{"href":"https:\/\/fonelight.com\/tr\/wp-json\/wp\/v2\/pages\/43","targetHints":{"allow":["GET"]}}],"collection":[{"href":"https:\/\/fonelight.com\/tr\/wp-json\/wp\/v2\/pages"}],"about":[{"href":"https:\/\/fonelight.com\/tr\/wp-json\/wp\/v2\/types\/page"}],"author":[{"embeddable":true,"href":"https:\/\/fonelight.com\/tr\/wp-json\/wp\/v2\/users\/1"}],"replies":[{"embeddable":true,"href":"https:\/\/fonelight.com\/tr\/wp-json\/wp\/v2\/comments?post=43"}],"version-history":[{"count":0,"href":"https:\/\/fonelight.com\/tr\/wp-json\/wp\/v2\/pages\/43\/revisions"}],"wp:attachment":[{"href":"https:\/\/fonelight.com\/tr\/wp-json\/wp\/v2\/media?parent=43"}],"curies":[{"name":"wp","href":"https:\/\/api.w.org\/{rel}","templated":true}]}}