{"id":59,"date":"2026-02-23T14:03:32","date_gmt":"2026-02-23T14:03:32","guid":{"rendered":"https:\/\/fonelight.com\/?page_id=59"},"modified":"2026-02-26T08:56:42","modified_gmt":"2026-02-26T08:56:42","slug":"spot-iluminat-gazon-cu-stalp","status":"publish","type":"page","link":"https:\/\/fonelight.com\/ro\/landscape-spotlight\/","title":{"rendered":"Peisaj Reflectoarelor"},"content":{"rendered":"<div data-elementor-type=\"wp-page\" data-elementor-id=\"59\" class=\"elementor elementor-59\" data-elementor-post-type=\"page\">\n\t\t\t\t\t\t<section class=\"elementor-section elementor-top-section elementor-element elementor-element-54639f4a elementor-section-boxed elementor-section-height-default elementor-section-height-default\" data-id=\"54639f4a\" data-element_type=\"section\" data-e-type=\"section\" data-settings=\"{&quot;background_background&quot;:&quot;classic&quot;}\">\n\t\t\t\t\t\t<div class=\"elementor-container elementor-column-gap-default\">\n\t\t\t\t\t<div class=\"elementor-column elementor-col-50 elementor-top-column elementor-element elementor-element-1b07b127\" data-id=\"1b07b127\" data-element_type=\"column\" data-e-type=\"column\">\n\t\t\t<div class=\"elementor-widget-wrap elementor-element-populated\">\n\t\t\t\t\t\t<div class=\"elementor-element elementor-element-40d89d2b elementor-widget elementor-widget-heading\" data-id=\"40d89d2b\" data-element_type=\"widget\" data-e-type=\"widget\" data-widget_type=\"heading.default\">\n\t\t\t\t\t<h2 class=\"elementor-heading-title elementor-size-default\">Peisaj Reflectoarelor<\/h2>\t\t\t\t<\/div>\n\t\t\t\t<div class=\"elementor-element elementor-element-296c66af elementor-widget elementor-widget-text-editor\" data-id=\"296c66af\" data-element_type=\"widget\" data-e-type=\"widget\" data-widget_type=\"text-editor.default\">\n\t\t\t\t\t\t\t\t\tFoneLight Tehnologiilor Peisaj Reflectoarelor ofer\u0103 de \u00eenalt\u0103 calitate, eficiente energetic de iluminat solu\u021bii concepute pentru a \u00eembun\u0103t\u0103\u021bi mediul exterior. Perfect pentru gradini, alei, \u0219i caracteristici arhitecturale, lanternele noastre oferi concentrat de iluminare \u00een timp ce ad\u0103ug\u00e2nd o not\u0103 de elegan\u021b\u0103 \u0219i rafinament. Construit pentru a rezista la intemperii, peisajul nostru spoturi sunt artizanale pentru durabilitate \u0219i eco-friendly performan\u021b\u0103, asigur\u00e2nd \u00een aer liber, spa\u021bii str\u0103luci mai luminos cu stil.\t\t\t\t\t\t\t\t<\/div>\n\t\t\t\t\t<\/div>\n\t\t<\/div>\n\t\t\t\t<div class=\"elementor-column elementor-col-50 elementor-top-column elementor-element elementor-element-2b6f2c12\" data-id=\"2b6f2c12\" data-element_type=\"column\" data-e-type=\"column\">\n\t\t\t<div class=\"elementor-widget-wrap elementor-element-populated\">\n\t\t\t\t\t\t<div class=\"elementor-element elementor-element-23f54b20 elementor-icon-list--layout-inline elementor-align-end elementor-mobile-align-start elementor-list-item-link-full_width elementor-widget elementor-widget-icon-list\" data-id=\"23f54b20\" data-element_type=\"widget\" data-e-type=\"widget\" data-widget_type=\"icon-list.default\">\n\t\t\t\t\t\t\t<ul class=\"elementor-icon-list-items elementor-inline-items\">\n\t\t\t\t\t\t\t<li class=\"elementor-icon-list-item elementor-inline-item\">\n\t\t\t\t\t\t\t\t\t\t\t<a href=\"https:\/\/fonelight.com\/ro\/produse\/\">\n\n\t\t\t\t\t\t\t\t\t\t\t<span class=\"elementor-icon-list-text\">Produse<\/span>\n\t\t\t\t\t\t\t\t\t\t\t<\/a>\n\t\t\t\t\t\t\t\t\t<\/li>\n\t\t\t\t\t\t\t\t<li class=\"elementor-icon-list-item elementor-inline-item\">\n\t\t\t\t\t\t\t\t\t\t\t<span class=\"elementor-icon-list-icon\">\n\t\t\t\t\t\t\t<svg aria-hidden=\"true\" class=\"e-font-icon-svg e-fas-angle-right\" viewbox=\"0 0 256 512\" xmlns=\"http:\/\/www.w3.org\/2000\/svg\"><path d=\"M224.3 273l-136 136c-9.4 9.4-24.6 9.4-33.9 0l-22.6-22.6c-9.4-9.4-9.4-24.6 0-33.9l96.4-96.4-96.4-96.4c-9.4-9.4-9.4-24.6 0-33.9L54.3 103c9.4-9.4 24.6-9.4 33.9 0l136 136c9.5 9.4 9.5 24.6.1 34z\"><\/path><\/svg>\t\t\t\t\t\t<\/span>\n\t\t\t\t\t\t\t\t\t\t<span class=\"elementor-icon-list-text\">Peisaj Reflectoarelor<\/span>\n\t\t\t\t\t\t\t\t\t<\/li>\n\t\t\t\t\t\t<\/ul>\n\t\t\t\t\t\t<\/div>\n\t\t\t\t\t<\/div>\n\t\t<\/div>\n\t\t\t\t\t<\/div>\n\t\t<\/section>\n\t\t\t\t<section class=\"elementor-section elementor-top-section elementor-element elementor-element-5efa1f7a elementor-section-content-middle elementor-section-boxed elementor-section-height-default elementor-section-height-default\" data-id=\"5efa1f7a\" data-element_type=\"section\" data-e-type=\"section\">\n\t\t\t\t\t\t<div class=\"elementor-container elementor-column-gap-default\">\n\t\t\t\t\t<div class=\"elementor-column elementor-col-100 elementor-top-column elementor-element elementor-element-4ab8022f\" data-id=\"4ab8022f\" data-element_type=\"column\" data-e-type=\"column\">\n\t\t\t<div class=\"elementor-widget-wrap elementor-element-populated\">\n\t\t\t\t\t\t<div class=\"elementor-element elementor-element-4ce9d291 elementor-product-loop-item--align-center elementor-grid-4 elementor-grid-tablet-3 elementor-grid-mobile-2 elementor-products-grid elementor-wc-products elementor-show-pagination-border-yes elementor-widget elementor-widget-woocommerce-products\" data-id=\"4ce9d291\" data-element_type=\"widget\" data-e-type=\"widget\" data-widget_type=\"woocommerce-products.default\">\n\t\t\t\t<div class=\"elementor-widget-container\">\n\t\t\t\t\t<div class=\"woocommerce columns-4\"><div class=\"woocommerce-notices-wrapper\"><\/div><ul class=\"products elementor-grid columns-4\">\n<li class=\"product type-product post-964 status-publish first instock product_cat-egitera-model product_cat-garden-lights product_cat-landscape-lighting product_cat-landscape-spotlight product_cat-outdoor-lights product_tag-aluminum-light product_tag-garden-lighting product_tag-landscape-lighting product_tag-outdoor-led-light product_tag-outdoor-lighting product_tag-spotlight has-post-thumbnail sold-individually shipping-taxable purchasable product-type-variable has-default-attributes\">\n\t<a href=\"https:\/\/fonelight.com\/ro\/product\/egitera-landscape-spotlight-garden-lawn-lighting-fixture\/\" class=\"woocommerce-LoopProduct-link woocommerce-loop-product__link\"><img fetchpriority=\"high\" decoding=\"async\" width=\"300\" height=\"300\" src=\"https:\/\/fonelight.com\/wp-content\/uploads\/2026\/03\/Sag_Capraz_3000K-300x300.jpg\" class=\"attachment-woocommerce_thumbnail size-woocommerce_thumbnail\" alt=\"Egitera Peisaj Reflectoarelor Gr\u0103din\u0103 Cu Gazon, Corp De Iluminat\" srcset=\"https:\/\/fonelight.com\/wp-content\/uploads\/2026\/03\/Sag_Capraz_3000K-300x300.jpg 300w, https:\/\/fonelight.com\/wp-content\/uploads\/2026\/03\/Sag_Capraz_3000K-1024x1024.jpg 1024w, https:\/\/fonelight.com\/wp-content\/uploads\/2026\/03\/Sag_Capraz_3000K-150x150.jpg 150w, https:\/\/fonelight.com\/wp-content\/uploads\/2026\/03\/Sag_Capraz_3000K-768x768.jpg 768w, https:\/\/fonelight.com\/wp-content\/uploads\/2026\/03\/Sag_Capraz_3000K-1536x1536.jpg 1536w, https:\/\/fonelight.com\/wp-content\/uploads\/2026\/03\/Sag_Capraz_3000K-600x600.jpg 600w, https:\/\/fonelight.com\/wp-content\/uploads\/2026\/03\/Sag_Capraz_3000K-100x100.jpg 100w, https:\/\/fonelight.com\/wp-content\/uploads\/2026\/03\/Sag_Capraz_3000K.jpg 2000w\" sizes=\"(max-width: 300px) 100vw, 300px\" \/><h2 class=\"woocommerce-loop-product__title\">Egitera Peisaj Reflectoarelor Gr\u0103din\u0103 Cu Gazon, Corp De Iluminat<\/h2>\n\t<span class=\"price\"><span class=\"woocommerce-Price-amount amount\"><bdi><span class=\"woocommerce-Price-currencySymbol\">&#36;<\/span>1.00<\/bdi><\/span><\/span>\n<\/a><div class=\"woocommerce-loop-product__buttons\"><a href=\"https:\/\/fonelight.com\/ro\/product\/egitera-landscape-spotlight-garden-lawn-lighting-fixture\/\" aria-describedby=\"woocommerce_loop_add_to_cart_link_describedby_964\" data-quantity=\"1\" class=\"button product_type_variable add_to_cart_button\" data-product_id=\"964\" data-product_sku=\"\" aria-label=\"Selecteaz\u0103 op\u021biunile pentru \u201eEgitera Landscape Spotlight Garden Lawn Lighting Fixture\u201d\" rel=\"nofollow\" data-no-translation=\"\" data-trp-gettext=\"\" data-no-translation-aria-label=\"\">Selecteaz\u0103 op\u021biunile<\/a><\/div>\t<span id=\"woocommerce_loop_add_to_cart_link_describedby_964\" class=\"screen-reader-text\">\n\t\tAcest produs are mai multe varia\u021bii. Op\u021biunile pot fi alese \u00een pagina produsului.\t<\/span>\n<\/li>\n<li class=\"product type-product post-962 status-publish instock product_cat-alutera-model product_cat-garden-lights product_cat-landscape-lighting product_cat-landscape-spotlight product_cat-outdoor-lights product_tag-aluminum-light product_tag-garden-lighting product_tag-landscape-lighting product_tag-outdoor-led-light product_tag-outdoor-lighting product_tag-spotlight has-post-thumbnail shipping-taxable purchasable product-type-variable has-default-attributes\">\n\t<a href=\"https:\/\/fonelight.com\/ro\/product\/alutera-garden-spotlight-aluminium-landscape-lawn-lighting-fixture\/\" class=\"woocommerce-LoopProduct-link woocommerce-loop-product__link\"><img decoding=\"async\" width=\"300\" height=\"300\" src=\"https:\/\/fonelight.com\/wp-content\/uploads\/2026\/03\/Capraz_Front_Sag_3000K-300x300.jpg\" class=\"attachment-woocommerce_thumbnail size-woocommerce_thumbnail\" alt=\"Alutera Gr\u0103din\u0103 Reflector Din Aluminiu, Peisaj, Gazon, Corp De Iluminat\" srcset=\"https:\/\/fonelight.com\/wp-content\/uploads\/2026\/03\/Capraz_Front_Sag_3000K-300x300.jpg 300w, https:\/\/fonelight.com\/wp-content\/uploads\/2026\/03\/Capraz_Front_Sag_3000K-1024x1024.jpg 1024w, https:\/\/fonelight.com\/wp-content\/uploads\/2026\/03\/Capraz_Front_Sag_3000K-150x150.jpg 150w, https:\/\/fonelight.com\/wp-content\/uploads\/2026\/03\/Capraz_Front_Sag_3000K-768x768.jpg 768w, https:\/\/fonelight.com\/wp-content\/uploads\/2026\/03\/Capraz_Front_Sag_3000K-1536x1536.jpg 1536w, https:\/\/fonelight.com\/wp-content\/uploads\/2026\/03\/Capraz_Front_Sag_3000K-600x600.jpg 600w, https:\/\/fonelight.com\/wp-content\/uploads\/2026\/03\/Capraz_Front_Sag_3000K-100x100.jpg 100w, https:\/\/fonelight.com\/wp-content\/uploads\/2026\/03\/Capraz_Front_Sag_3000K.jpg 2000w\" sizes=\"(max-width: 300px) 100vw, 300px\" \/><h2 class=\"woocommerce-loop-product__title\">Alutera Gr\u0103din\u0103 Reflector Din Aluminiu, Peisaj, Gazon, Corp De Iluminat<\/h2>\n\t<span class=\"price\"><span class=\"woocommerce-Price-amount amount\"><bdi><span class=\"woocommerce-Price-currencySymbol\">&#36;<\/span>1.00<\/bdi><\/span><\/span>\n<\/a><div class=\"woocommerce-loop-product__buttons\"><a href=\"https:\/\/fonelight.com\/ro\/product\/alutera-garden-spotlight-aluminium-landscape-lawn-lighting-fixture\/\" aria-describedby=\"woocommerce_loop_add_to_cart_link_describedby_962\" data-quantity=\"1\" class=\"button product_type_variable add_to_cart_button\" data-product_id=\"962\" data-product_sku=\"\" aria-label=\"Selecteaz\u0103 op\u021biunile pentru \u201eAlutera Garden Spotlight Aluminium Landscape Lawn Lighting Fixture\u201d\" rel=\"nofollow\" data-no-translation=\"\" data-trp-gettext=\"\" data-no-translation-aria-label=\"\">Selecteaz\u0103 op\u021biunile<\/a><\/div>\t<span id=\"woocommerce_loop_add_to_cart_link_describedby_962\" class=\"screen-reader-text\">\n\t\tAcest produs are mai multe varia\u021bii. Op\u021biunile pot fi alese \u00een pagina produsului.\t<\/span>\n<\/li>\n<\/ul>\n<\/div>\t\t\t\t<\/div>\n\t\t\t\t<\/div>\n\t\t\t\t\t<\/div>\n\t\t<\/div>\n\t\t\t\t\t<\/div>\n\t\t<\/section>\n\t\t\t\t<\/div>","protected":false},"excerpt":{"rendered":"<p>FoneLight Technologies&#8217; Landscape Spotlight offers high-quality, energy-efficient lighting solutions designed to enhance your outdoor environment. Perfect for gardens, pathways, and architectural features, our spotlights provide focused illumination while adding a touch of elegance and sophistication. Built to withstand the elements, our landscape spotlights are crafted for durability and eco-friendly performance, ensuring your outdoor spaces shine [&hellip;]<\/p>\n","protected":false},"author":1,"featured_media":0,"parent":0,"menu_order":0,"comment_status":"closed","ping_status":"closed","template":"elementor_header_footer","meta":{"_acf_changed":false,"footnotes":""},"class_list":["post-59","page","type-page","status-publish","hentry"],"acf":[],"_links":{"self":[{"href":"https:\/\/fonelight.com\/ro\/wp-json\/wp\/v2\/pages\/59","targetHints":{"allow":["GET"]}}],"collection":[{"href":"https:\/\/fonelight.com\/ro\/wp-json\/wp\/v2\/pages"}],"about":[{"href":"https:\/\/fonelight.com\/ro\/wp-json\/wp\/v2\/types\/page"}],"author":[{"embeddable":true,"href":"https:\/\/fonelight.com\/ro\/wp-json\/wp\/v2\/users\/1"}],"replies":[{"embeddable":true,"href":"https:\/\/fonelight.com\/ro\/wp-json\/wp\/v2\/comments?post=59"}],"version-history":[{"count":0,"href":"https:\/\/fonelight.com\/ro\/wp-json\/wp\/v2\/pages\/59\/revisions"}],"wp:attachment":[{"href":"https:\/\/fonelight.com\/ro\/wp-json\/wp\/v2\/media?parent=59"}],"curies":[{"name":"wp","href":"https:\/\/api.w.org\/{rel}","templated":true}]}}