{"id":39,"date":"2026-02-23T13:51:44","date_gmt":"2026-02-23T13:51:44","guid":{"rendered":"https:\/\/fonelight.com\/?page_id=39"},"modified":"2026-03-04T11:58:25","modified_gmt":"2026-03-04T11:58:25","slug":"pa-amende","status":"publish","type":"page","link":"https:\/\/fonelight.com\/ro\/about-us\/","title":{"rendered":"Despre Noi"},"content":{"rendered":"<div data-elementor-type=\"wp-page\" data-elementor-id=\"39\" class=\"elementor elementor-39\" data-elementor-post-type=\"page\">\n\t\t\t\t\t\t<section class=\"elementor-section elementor-top-section elementor-element elementor-element-119a123d elementor-section-boxed elementor-section-height-default elementor-section-height-default\" data-id=\"119a123d\" data-element_type=\"section\" data-e-type=\"section\" data-settings=\"{&quot;background_background&quot;:&quot;classic&quot;}\">\n\t\t\t\t\t\t<div class=\"elementor-container elementor-column-gap-default\">\n\t\t\t\t\t<div class=\"elementor-column elementor-col-50 elementor-top-column elementor-element elementor-element-77a7c941\" data-id=\"77a7c941\" data-element_type=\"column\" data-e-type=\"column\">\n\t\t\t<div class=\"elementor-widget-wrap elementor-element-populated\">\n\t\t\t\t\t\t<div class=\"elementor-element elementor-element-142526d7 elementor-widget elementor-widget-heading\" data-id=\"142526d7\" data-element_type=\"widget\" data-e-type=\"widget\" data-widget_type=\"heading.default\">\n\t\t\t\t\t<h2 class=\"elementor-heading-title elementor-size-default\">Despre Noi<\/h2>\t\t\t\t<\/div>\n\t\t\t\t<div class=\"elementor-element elementor-element-31345a55 elementor-widget elementor-widget-text-editor\" data-id=\"31345a55\" data-element_type=\"widget\" data-e-type=\"widget\" data-widget_type=\"text-editor.default\">\n\t\t\t\t\t\t\t\t\t<p>Ca de \u00eencredere de lumin\u0103 \u00een aer liber produc\u0103tor, Fonelight proiecteaz\u0103 \u0219i produce moderne de lumini \u00een aer liber. Putem livra lumini \u00een aer liber din \u00eentreaga lume. S\u0103 ne \u00eenchipuim consolidarea spa\u021bii \u00een aer liber cu o calitate lumini \u00een aer liber oferind \u00een acela\u0219i timp clien\u021bilor o experien\u021b\u0103 impecabil\u0103.<\/p>\t\t\t\t\t\t\t\t<\/div>\n\t\t\t\t\t<\/div>\n\t\t<\/div>\n\t\t\t\t<div class=\"elementor-column elementor-col-50 elementor-top-column elementor-element elementor-element-3c150042\" data-id=\"3c150042\" data-element_type=\"column\" data-e-type=\"column\">\n\t\t\t<div class=\"elementor-widget-wrap elementor-element-populated\">\n\t\t\t\t\t\t<div class=\"elementor-element elementor-element-15187b8 elementor-icon-list--layout-inline elementor-align-end elementor-mobile-align-start elementor-list-item-link-full_width elementor-widget elementor-widget-icon-list\" data-id=\"15187b8\" data-element_type=\"widget\" data-e-type=\"widget\" data-widget_type=\"icon-list.default\">\n\t\t\t\t\t\t\t<ul class=\"elementor-icon-list-items elementor-inline-items\">\n\t\t\t\t\t\t\t<li class=\"elementor-icon-list-item elementor-inline-item\">\n\t\t\t\t\t\t\t\t\t\t<span class=\"elementor-icon-list-text\">Acas\u0103<\/span>\n\t\t\t\t\t\t\t\t\t<\/li>\n\t\t\t\t\t\t\t\t<li class=\"elementor-icon-list-item elementor-inline-item\">\n\t\t\t\t\t\t\t\t\t\t\t<span class=\"elementor-icon-list-icon\">\n\t\t\t\t\t\t\t<i aria-hidden=\"true\" class=\"icon icon-right-arrow1\"><\/i>\t\t\t\t\t\t<\/span>\n\t\t\t\t\t\t\t\t\t\t<span class=\"elementor-icon-list-text\">Despre Noi<\/span>\n\t\t\t\t\t\t\t\t\t<\/li>\n\t\t\t\t\t\t<\/ul>\n\t\t\t\t\t\t<\/div>\n\t\t\t\t\t<\/div>\n\t\t<\/div>\n\t\t\t\t\t<\/div>\n\t\t<\/section>\n\t\t\t\t<section class=\"elementor-section elementor-top-section elementor-element elementor-element-116c09f elementor-section-content-middle elementor-section-boxed elementor-section-height-default elementor-section-height-default\" data-id=\"116c09f\" data-element_type=\"section\" data-e-type=\"section\">\n\t\t\t\t\t\t<div class=\"elementor-container elementor-column-gap-default\">\n\t\t\t\t\t<div class=\"elementor-column elementor-col-50 elementor-top-column elementor-element elementor-element-590f2f94\" data-id=\"590f2f94\" data-element_type=\"column\" data-e-type=\"column\">\n\t\t\t<div class=\"elementor-widget-wrap elementor-element-populated\">\n\t\t\t\t\t\t<div class=\"elementor-element elementor-element-fc89c89 elementor-widget elementor-widget-image\" data-id=\"fc89c89\" data-element_type=\"widget\" data-e-type=\"widget\" data-widget_type=\"image.default\">\n\t\t\t\t\t\t\t\t\t\t\t\t\t\t\t<img fetchpriority=\"high\" decoding=\"async\" width=\"915\" height=\"661\" src=\"https:\/\/fonelight.com\/wp-content\/uploads\/2026\/02\/Screenshot_1.png\" class=\"attachment-full size-full wp-image-87\" alt=\"\" srcset=\"https:\/\/fonelight.com\/wp-content\/uploads\/2026\/02\/Screenshot_1.png 915w, https:\/\/fonelight.com\/wp-content\/uploads\/2026\/02\/Screenshot_1-600x433.png 600w, https:\/\/fonelight.com\/wp-content\/uploads\/2026\/02\/Screenshot_1-300x217.png 300w, https:\/\/fonelight.com\/wp-content\/uploads\/2026\/02\/Screenshot_1-768x555.png 768w\" sizes=\"(max-width: 915px) 100vw, 915px\" \/>\t\t\t\t\t\t\t\t\t\t\t\t\t\t\t<\/div>\n\t\t\t\t\t<\/div>\n\t\t<\/div>\n\t\t\t\t<div class=\"elementor-column elementor-col-50 elementor-top-column elementor-element elementor-element-8b9cfd5\" data-id=\"8b9cfd5\" data-element_type=\"column\" data-e-type=\"column\">\n\t\t\t<div class=\"elementor-widget-wrap elementor-element-populated\">\n\t\t\t\t\t\t<div class=\"elementor-element elementor-element-69110aff elementor-widget elementor-widget-heading\" data-id=\"69110aff\" data-element_type=\"widget\" data-e-type=\"widget\" data-widget_type=\"heading.default\">\n\t\t\t\t\t<h2 class=\"elementor-heading-title elementor-size-default\">Povestea Noastr\u0103<\/h2>\t\t\t\t<\/div>\n\t\t\t\t<div class=\"elementor-element elementor-element-2882d66a elementor-widget elementor-widget-text-editor\" data-id=\"2882d66a\" data-element_type=\"widget\" data-e-type=\"widget\" data-widget_type=\"text-editor.default\">\n\t\t\t\t\t\t\t\t\t<p data-start=\"0\" data-end=\"256\">La FoneLight Tehnologii, noi de design \u0219i fabricarea de iluminat interior si exterior produse care transforma \u00eentuneric \u00eentr-o experien\u021b\u0103 vizual\u0103 unic\u0103. Pasiunea noastra este de a crea solu\u021bii de iluminat care s\u0103 sporeasc\u0103 prestigiul \u0219i s\u0103 aduc\u0103 satisfac\u021bie vie\u021bile oamenilor.<\/p><p data-start=\"258\" data-end=\"427\">Produsul nostru filosofie de dezvoltare este simplu: mai multe minime \u0219i func\u021bionale, cu at\u00e2t mai bun\u0103 experien\u021b\u0103 vizual\u0103. Puterea de FoneLight se afl\u0103 \u00een dep\u0103\u0219esc a\u0219tept\u0103rile.<\/p><p data-start=\"429\" data-end=\"609\" data-is-last-node=\"\" data-is-only-node=\"\">Ne str\u0103duim s\u0103 aducem FoneLight moderne \u0219i inteligente produse de iluminat pentru lume. Cum am urm\u0103ri aceast\u0103 viziune, principala noastr\u0103 motiva\u021bie este de a oferi clien\u021bilor o experien\u021b\u0103 impecabil\u0103.<\/p>\t\t\t\t\t\t\t\t<\/div>\n\t\t\t\t\t<\/div>\n\t\t<\/div>\n\t\t\t\t\t<\/div>\n\t\t<\/section>\n\t\t\t\t<section class=\"elementor-section elementor-top-section elementor-element elementor-element-3e3fe6ec elementor-section-content-middle elementor-section-boxed elementor-section-height-default elementor-section-height-default\" data-id=\"3e3fe6ec\" data-element_type=\"section\" data-e-type=\"section\">\n\t\t\t\t\t\t<div class=\"elementor-container elementor-column-gap-default\">\n\t\t\t\t\t<div class=\"elementor-column elementor-col-33 elementor-top-column elementor-element elementor-element-7e9b0d67\" data-id=\"7e9b0d67\" data-element_type=\"column\" data-e-type=\"column\">\n\t\t\t<div class=\"elementor-widget-wrap elementor-element-populated\">\n\t\t\t\t\t\t<div class=\"elementor-element elementor-element-6793b0d5 elementor-widget elementor-widget-heading\" data-id=\"6793b0d5\" data-element_type=\"widget\" data-e-type=\"widget\" data-widget_type=\"heading.default\">\n\t\t\t\t\t<h2 class=\"elementor-heading-title elementor-size-default\">Viziunea Noastra<\/h2>\t\t\t\t<\/div>\n\t\t\t\t<div class=\"elementor-element elementor-element-6411c18c elementor-widget elementor-widget-text-editor\" data-id=\"6411c18c\" data-element_type=\"widget\" data-e-type=\"widget\" data-widget_type=\"text-editor.default\">\n\t\t\t\t\t\t\t\t\t<p data-start=\"0\" data-end=\"256\">Viziunea noastra este de a deveni un interna\u021bional\u0103 de frunte de produse de iluminat produc\u0103tor proiectarea \u0219i producerea de inovatoare \u0219i inteligente produse de iluminat, care va lumina toate continentele.<\/p>\t\t\t\t\t\t\t\t<\/div>\n\t\t\t\t\t<\/div>\n\t\t<\/div>\n\t\t\t\t<div class=\"elementor-column elementor-col-33 elementor-top-column elementor-element elementor-element-12f06bbe\" data-id=\"12f06bbe\" data-element_type=\"column\" data-e-type=\"column\">\n\t\t\t<div class=\"elementor-widget-wrap elementor-element-populated\">\n\t\t\t\t\t\t<div class=\"elementor-element elementor-element-3f4c3b54 elementor-widget elementor-widget-heading\" data-id=\"3f4c3b54\" data-element_type=\"widget\" data-e-type=\"widget\" data-widget_type=\"heading.default\">\n\t\t\t\t\t<h2 class=\"elementor-heading-title elementor-size-default\">MISIUNEA noastr\u0103<\/h2>\t\t\t\t<\/div>\n\t\t\t\t<div class=\"elementor-element elementor-element-2da08beb elementor-widget elementor-widget-text-editor\" data-id=\"2da08beb\" data-element_type=\"widget\" data-e-type=\"widget\" data-widget_type=\"text-editor.default\">\n\t\t\t\t\t\t\t\t\t<p data-start=\"0\" data-end=\"256\">Viziunea noastra este de a deveni un interna\u021bional\u0103 de frunte de produse de iluminat produc\u0103tor proiectarea \u0219i producerea de inovatoare \u0219i inteligente produse de iluminat, care va lumina toate continentele.<\/p>\t\t\t\t\t\t\t\t<\/div>\n\t\t\t\t\t<\/div>\n\t\t<\/div>\n\t\t\t\t<div class=\"elementor-column elementor-col-33 elementor-top-column elementor-element elementor-element-9c1878\" data-id=\"9c1878\" data-element_type=\"column\" data-e-type=\"column\">\n\t\t\t<div class=\"elementor-widget-wrap elementor-element-populated\">\n\t\t\t\t\t\t<div class=\"elementor-element elementor-element-4712ba6d elementor-widget elementor-widget-heading\" data-id=\"4712ba6d\" data-element_type=\"widget\" data-e-type=\"widget\" data-widget_type=\"heading.default\">\n\t\t\t\t\t<h2 class=\"elementor-heading-title elementor-size-default\">Valorile Noastre<\/h2>\t\t\t\t<\/div>\n\t\t\t\t<div class=\"elementor-element elementor-element-676f809a elementor-widget elementor-widget-text-editor\" data-id=\"676f809a\" data-element_type=\"widget\" data-e-type=\"widget\" data-widget_type=\"text-editor.default\">\n\t\t\t\t\t\t\t\t\t<p data-start=\"0\" data-end=\"256\">Ne pas\u0103 de partenerii no\u0219tri, experien\u021ba consumatorului \u0219i a mediului! Prin urmare, am fabricarea high-tech\/produse de calitate, cu caracteristici eco-friendly, \u00een conformitate cu o produc\u021bie durabil\u0103 standarde.<\/p>\t\t\t\t\t\t\t\t<\/div>\n\t\t\t\t\t<\/div>\n\t\t<\/div>\n\t\t\t\t\t<\/div>\n\t\t<\/section>\n\t\t\t\t<section class=\"elementor-section elementor-top-section elementor-element elementor-element-303ecb50 elementor-section-boxed elementor-section-height-default elementor-section-height-default\" data-id=\"303ecb50\" data-element_type=\"section\" data-e-type=\"section\" data-settings=\"{&quot;background_background&quot;:&quot;classic&quot;}\">\n\t\t\t\t\t\t\t<div class=\"elementor-background-overlay\"><\/div>\n\t\t\t\t\t\t\t<div class=\"elementor-container elementor-column-gap-default\">\n\t\t\t\t\t<div class=\"elementor-column elementor-col-100 elementor-top-column elementor-element elementor-element-64340d31\" data-id=\"64340d31\" data-element_type=\"column\" data-e-type=\"column\">\n\t\t\t<div class=\"elementor-widget-wrap elementor-element-populated\">\n\t\t\t\t\t\t<section class=\"elementor-section elementor-inner-section elementor-element elementor-element-58203e7 elementor-section-content-middle elementor-section-boxed elementor-section-height-default elementor-section-height-default\" data-id=\"58203e7\" data-element_type=\"section\" data-e-type=\"section\">\n\t\t\t\t\t\t<div class=\"elementor-container elementor-column-gap-no\">\n\t\t\t\t\t<div class=\"elementor-column elementor-col-50 elementor-inner-column elementor-element elementor-element-11a62b26\" data-id=\"11a62b26\" data-element_type=\"column\" data-e-type=\"column\">\n\t\t\t<div class=\"elementor-widget-wrap elementor-element-populated\">\n\t\t\t\t\t\t<div class=\"elementor-element elementor-element-45c8e4db elementor-widget elementor-widget-heading\" data-id=\"45c8e4db\" data-element_type=\"widget\" data-e-type=\"widget\" data-widget_type=\"heading.default\">\n\t\t\t\t\t<h2 class=\"elementor-heading-title elementor-size-default\">Hai s\u0103 lucr\u0103m \u00cempreun\u0103!<\/h2>\t\t\t\t<\/div>\n\t\t\t\t<div class=\"elementor-element elementor-element-67b095b1 elementor-widget elementor-widget-text-editor\" data-id=\"67b095b1\" data-element_type=\"widget\" data-e-type=\"widget\" data-widget_type=\"text-editor.default\">\n\t\t\t\t\t\t\t\t\t<p>FoneLight este un iluminat interior \u0219i exterior firma de fabricare a produselor pentru comer\u021bul cu ridicata \u0219i cu am\u0103nuntul de v\u00e2nz\u0103ri \u00een \u00eentreaga lume.<\/p><p><strong>V\u00e2nzarea cu am\u0103nuntul:<\/strong> Revizuirea noastr\u0103 modern\u0103 \u00een aer liber produse de iluminat; bolarzi, sconces, \u0219i polonezi.<\/p><p><strong>En-gros:<\/strong> Dac\u0103 sunte\u021bi interesa\u021bi de o colaborare cu noi, pentru en-gros.<\/p>\t\t\t\t\t\t\t\t<\/div>\n\t\t\t\t<div class=\"elementor-element elementor-element-6046b0b0 elementor-align-left elementor-mobile-align-justify elementor-widget elementor-widget-button\" data-id=\"6046b0b0\" data-element_type=\"widget\" data-e-type=\"widget\" data-widget_type=\"button.default\">\n\t\t\t\t\t\t\t\t\t\t<a class=\"elementor-button elementor-button-link elementor-size-sm\" href=\"https:\/\/fonelight.com\/ro\/aplicatie-partener\/\">\n\t\t\t\t\t\t<span class=\"elementor-button-content-wrapper\">\n\t\t\t\t\t\t\t\t\t<span class=\"elementor-button-text\">APLICA PENTRU PARTENERIAT<\/span>\n\t\t\t\t\t<\/span>\n\t\t\t\t\t<\/a>\n\t\t\t\t\t\t\t\t<\/div>\n\t\t\t\t\t<\/div>\n\t\t<\/div>\n\t\t\t\t<div class=\"elementor-column elementor-col-50 elementor-inner-column elementor-element elementor-element-45b15877\" data-id=\"45b15877\" data-element_type=\"column\" data-e-type=\"column\">\n\t\t\t<div class=\"elementor-widget-wrap elementor-element-populated\">\n\t\t\t\t\t\t<div class=\"elementor-element elementor-element-13d3315a elementor-widget elementor-widget-image-carousel\" data-id=\"13d3315a\" data-element_type=\"widget\" data-e-type=\"widget\" data-settings=\"{&quot;slides_to_show&quot;:&quot;4&quot;,&quot;navigation&quot;:&quot;none&quot;,&quot;autoplay_speed&quot;:2000,&quot;image_spacing_custom&quot;:{&quot;unit&quot;:&quot;px&quot;,&quot;size&quot;:30,&quot;sizes&quot;:[]},&quot;slides_to_show_mobile&quot;:&quot;3&quot;,&quot;image_spacing_custom_mobile&quot;:{&quot;unit&quot;:&quot;px&quot;,&quot;size&quot;:37,&quot;sizes&quot;:[]},&quot;autoplay&quot;:&quot;yes&quot;,&quot;pause_on_hover&quot;:&quot;yes&quot;,&quot;pause_on_interaction&quot;:&quot;yes&quot;,&quot;speed&quot;:500,&quot;image_spacing_custom_tablet&quot;:{&quot;unit&quot;:&quot;px&quot;,&quot;size&quot;:&quot;&quot;,&quot;sizes&quot;:[]}}\" data-widget_type=\"image-carousel.default\">\n\t\t\t\t\t\t\t<div class=\"elementor-image-carousel-wrapper swiper\" role=\"region\" aria-roledescription=\"carousel\" aria-label=\"Resim D\u00f6ng\u00fcs\u00fc\" dir=\"ltr\">\n\t\t\t<div class=\"elementor-image-carousel swiper-wrapper\" aria-live=\"off\">\n\t\t\t\t\t\t\t\t<div class=\"swiper-slide\" role=\"group\" aria-roledescription=\"slide\" aria-label=\"1 din 6\"><figure class=\"swiper-slide-inner\"><img decoding=\"async\" class=\"swiper-slide-image\" src=\"https:\/\/fonelight.com\/wp-content\/uploads\/2026\/02\/Bir-baslik-ekleyin-3.png\" alt=\"Bir-baslik-ekleyin-3.png\" \/><\/figure><\/div><div class=\"swiper-slide\" role=\"group\" aria-roledescription=\"slide\" aria-label=\"2 din 6\"><figure class=\"swiper-slide-inner\"><img decoding=\"async\" class=\"swiper-slide-image\" src=\"https:\/\/fonelight.com\/wp-content\/uploads\/2026\/02\/Bir-baslik-ekleyin-4.png\" alt=\"Bir-baslik-ekleyin-4.png\" \/><\/figure><\/div><div class=\"swiper-slide\" role=\"group\" aria-roledescription=\"slide\" aria-label=\"3 din 6\"><figure class=\"swiper-slide-inner\"><img decoding=\"async\" class=\"swiper-slide-image\" src=\"https:\/\/fonelight.com\/wp-content\/uploads\/2026\/02\/Bir-baslik-ekleyin-5.png\" alt=\"Bir-baslik-ekleyin-5.png\" \/><\/figure><\/div><div class=\"swiper-slide\" role=\"group\" aria-roledescription=\"slide\" aria-label=\"4 din 6\"><figure class=\"swiper-slide-inner\"><img decoding=\"async\" class=\"swiper-slide-image\" src=\"https:\/\/fonelight.com\/wp-content\/uploads\/2026\/02\/Bir-baslik-ekleyin-6.png\" alt=\"Bir-baslik-ekleyin-6.png\" \/><\/figure><\/div><div class=\"swiper-slide\" role=\"group\" aria-roledescription=\"slide\" aria-label=\"5 din 6\"><figure class=\"swiper-slide-inner\"><img decoding=\"async\" class=\"swiper-slide-image\" src=\"https:\/\/fonelight.com\/wp-content\/uploads\/2026\/02\/Bir-baslik-ekleyin-7.png\" alt=\"Bir-baslik-ekleyin-7.png\" \/><\/figure><\/div><div class=\"swiper-slide\" role=\"group\" aria-roledescription=\"slide\" aria-label=\"6 din 6\"><figure class=\"swiper-slide-inner\"><img decoding=\"async\" class=\"swiper-slide-image\" src=\"https:\/\/fonelight.com\/wp-content\/uploads\/2026\/02\/Bir-baslik-ekleyin-8.png\" alt=\"Bir-baslik-ekleyin-8.png\" \/><\/figure><\/div>\t\t\t<\/div>\n\t\t\t\t\t\t\t\n\t\t\t\t\t\t\t\t\t<\/div>\n\t\t\t\t\t\t<\/div>\n\t\t\t\t\t<\/div>\n\t\t<\/div>\n\t\t\t\t\t<\/div>\n\t\t<\/section>\n\t\t\t\t\t<\/div>\n\t\t<\/div>\n\t\t\t\t\t<\/div>\n\t\t<\/section>\n\t\t\t\t<\/div>","protected":false},"excerpt":{"rendered":"<p>About Us As a trusted outdoor light manufacturer, Fonelight designs and produces modern outdoor lights. We deliver outdoor lights worldwide. We envision enhancing outdoor spaces with quality outdoor lights while providing a seamless customer experience. Home Our Story At FoneLight Technologies, we design and manufacture indoor and outdoor lighting products that transform darkness into a [&hellip;]<\/p>\n","protected":false},"author":1,"featured_media":0,"parent":0,"menu_order":0,"comment_status":"closed","ping_status":"closed","template":"elementor_header_footer","meta":{"_acf_changed":false,"footnotes":""},"class_list":["post-39","page","type-page","status-publish","hentry"],"acf":[],"_links":{"self":[{"href":"https:\/\/fonelight.com\/ro\/wp-json\/wp\/v2\/pages\/39","targetHints":{"allow":["GET"]}}],"collection":[{"href":"https:\/\/fonelight.com\/ro\/wp-json\/wp\/v2\/pages"}],"about":[{"href":"https:\/\/fonelight.com\/ro\/wp-json\/wp\/v2\/types\/page"}],"author":[{"embeddable":true,"href":"https:\/\/fonelight.com\/ro\/wp-json\/wp\/v2\/users\/1"}],"replies":[{"embeddable":true,"href":"https:\/\/fonelight.com\/ro\/wp-json\/wp\/v2\/comments?post=39"}],"version-history":[{"count":0,"href":"https:\/\/fonelight.com\/ro\/wp-json\/wp\/v2\/pages\/39\/revisions"}],"wp:attachment":[{"href":"https:\/\/fonelight.com\/ro\/wp-json\/wp\/v2\/media?parent=39"}],"curies":[{"name":"wp","href":"https:\/\/api.w.org\/{rel}","templated":true}]}}