{"id":39,"date":"2026-02-23T13:51:44","date_gmt":"2026-02-23T13:51:44","guid":{"rendered":"https:\/\/fonelight.com\/?page_id=39"},"modified":"2026-03-04T11:58:25","modified_gmt":"2026-03-04T11:58:25","slug":"about-us","status":"publish","type":"page","link":"https:\/\/fonelight.com\/mk\/about-us\/","title":{"rendered":"\u0417\u0430 \u041d\u0430\u0441"},"content":{"rendered":"<div data-elementor-type=\"wp-page\" data-elementor-id=\"39\" class=\"elementor elementor-39\" data-elementor-post-type=\"page\">\n\t\t\t\t\t\t<section class=\"elementor-section elementor-top-section elementor-element elementor-element-119a123d elementor-section-boxed elementor-section-height-default elementor-section-height-default\" data-id=\"119a123d\" data-element_type=\"section\" data-e-type=\"section\" data-settings=\"{&quot;background_background&quot;:&quot;classic&quot;}\">\n\t\t\t\t\t\t<div class=\"elementor-container elementor-column-gap-default\">\n\t\t\t\t\t<div class=\"elementor-column elementor-col-50 elementor-top-column elementor-element elementor-element-77a7c941\" data-id=\"77a7c941\" data-element_type=\"column\" data-e-type=\"column\">\n\t\t\t<div class=\"elementor-widget-wrap elementor-element-populated\">\n\t\t\t\t\t\t<div class=\"elementor-element elementor-element-142526d7 elementor-widget elementor-widget-heading\" data-id=\"142526d7\" data-element_type=\"widget\" data-e-type=\"widget\" data-widget_type=\"heading.default\">\n\t\t\t\t\t<h2 class=\"elementor-heading-title elementor-size-default\">\u0417\u0430 \u041d\u0430\u0441<\/h2>\t\t\t\t<\/div>\n\t\t\t\t<div class=\"elementor-element elementor-element-31345a55 elementor-widget elementor-widget-text-editor\" data-id=\"31345a55\" data-element_type=\"widget\" data-e-type=\"widget\" data-widget_type=\"text-editor.default\">\n\t\t\t\t\t\t\t\t\t<p>\u041a\u0430\u043a\u043e \u0434\u043e\u0432\u0435\u0440\u043b\u0438\u0432 \u043f\u0440\u043e\u0438\u0437\u0432\u043e\u0434\u0438\u0442\u0435\u043b \u043d\u0430 \u043d\u0430\u0434\u0432\u043e\u0440\u0435\u0448\u043d\u0438 \u0441\u0432\u0435\u0442\u0438\u043b\u043a\u0438, Fonelight \u0434\u0438\u0437\u0430\u0458\u043d\u0438\u0440\u0430 \u0438 \u043f\u0440\u043e\u0438\u0437\u0432\u0435\u0434\u0443\u0432\u0430 \u043c\u043e\u0434\u0435\u0440\u043d\u0438 \u043d\u0430\u0434\u0432\u043e\u0440\u0435\u0448\u043d\u0438 \u0441\u0432\u0435\u0442\u0438\u043b\u043a\u0438. \u0418\u0441\u043f\u043e\u0440\u0430\u0447\u0443\u0432\u0430\u043c\u0435 \u043d\u0430\u0434\u0432\u043e\u0440\u0435\u0448\u043d\u0438 \u0441\u0432\u0435\u0442\u0438\u043b\u043a\u0438 \u043d\u0438\u0437 \u0446\u0435\u043b\u0438\u043e\u0442 \u0441\u0432\u0435\u0442. \u0417\u0430\u043c\u0438\u0441\u043b\u0443\u0432\u0430\u043c\u0435 \u043f\u043e\u0434\u043e\u0431\u0440\u0443\u0432\u0430\u045a\u0435 \u043d\u0430 \u043d\u0430\u0434\u0432\u043e\u0440\u0435\u0448\u043d\u0438\u0442\u0435 \u043f\u0440\u043e\u0441\u0442\u043e\u0440\u0438 \u0441\u043e \u043a\u0432\u0430\u043b\u0438\u0442\u0435\u0442\u043d\u0438 \u043d\u0430\u0434\u0432\u043e\u0440\u0435\u0448\u043d\u0438 \u0441\u0432\u0435\u0442\u0438\u043b\u043a\u0438, \u0430 \u0432\u043e\u0435\u0434\u043d\u043e \u0438 \u043e\u0431\u0435\u0437\u0431\u0435\u0434\u0443\u0432\u0430\u045a\u0435 \u0431\u0435\u0441\u043f\u0440\u0435\u043a\u043e\u0440\u043d\u043e \u043a\u043e\u0440\u0438\u0441\u043d\u0438\u0447\u043a\u043e \u0438\u0441\u043a\u0443\u0441\u0442\u0432\u043e.<\/p>\t\t\t\t\t\t\t\t<\/div>\n\t\t\t\t\t<\/div>\n\t\t<\/div>\n\t\t\t\t<div class=\"elementor-column elementor-col-50 elementor-top-column elementor-element elementor-element-3c150042\" data-id=\"3c150042\" data-element_type=\"column\" data-e-type=\"column\">\n\t\t\t<div class=\"elementor-widget-wrap elementor-element-populated\">\n\t\t\t\t\t\t<div class=\"elementor-element elementor-element-15187b8 elementor-icon-list--layout-inline elementor-align-end elementor-mobile-align-start elementor-list-item-link-full_width elementor-widget elementor-widget-icon-list\" data-id=\"15187b8\" data-element_type=\"widget\" data-e-type=\"widget\" data-widget_type=\"icon-list.default\">\n\t\t\t\t\t\t\t<ul class=\"elementor-icon-list-items elementor-inline-items\">\n\t\t\t\t\t\t\t<li class=\"elementor-icon-list-item elementor-inline-item\">\n\t\t\t\t\t\t\t\t\t\t<span class=\"elementor-icon-list-text\">\u0414\u043e\u043c\u0430<\/span>\n\t\t\t\t\t\t\t\t\t<\/li>\n\t\t\t\t\t\t\t\t<li class=\"elementor-icon-list-item elementor-inline-item\">\n\t\t\t\t\t\t\t\t\t\t\t<span class=\"elementor-icon-list-icon\">\n\t\t\t\t\t\t\t<i aria-hidden=\"true\" class=\"icon icon-right-arrow1\"><\/i>\t\t\t\t\t\t<\/span>\n\t\t\t\t\t\t\t\t\t\t<span class=\"elementor-icon-list-text\">\u0417\u0430 \u041d\u0430\u0441<\/span>\n\t\t\t\t\t\t\t\t\t<\/li>\n\t\t\t\t\t\t<\/ul>\n\t\t\t\t\t\t<\/div>\n\t\t\t\t\t<\/div>\n\t\t<\/div>\n\t\t\t\t\t<\/div>\n\t\t<\/section>\n\t\t\t\t<section class=\"elementor-section elementor-top-section elementor-element elementor-element-116c09f elementor-section-content-middle elementor-section-boxed elementor-section-height-default elementor-section-height-default\" data-id=\"116c09f\" data-element_type=\"section\" data-e-type=\"section\">\n\t\t\t\t\t\t<div class=\"elementor-container elementor-column-gap-default\">\n\t\t\t\t\t<div class=\"elementor-column elementor-col-50 elementor-top-column elementor-element elementor-element-590f2f94\" data-id=\"590f2f94\" data-element_type=\"column\" data-e-type=\"column\">\n\t\t\t<div class=\"elementor-widget-wrap elementor-element-populated\">\n\t\t\t\t\t\t<div class=\"elementor-element elementor-element-fc89c89 elementor-widget elementor-widget-image\" data-id=\"fc89c89\" data-element_type=\"widget\" data-e-type=\"widget\" data-widget_type=\"image.default\">\n\t\t\t\t\t\t\t\t\t\t\t\t\t\t\t<img fetchpriority=\"high\" decoding=\"async\" width=\"915\" height=\"661\" src=\"https:\/\/fonelight.com\/wp-content\/uploads\/2026\/02\/Screenshot_1.png\" class=\"attachment-full size-full wp-image-87\" alt=\"\" srcset=\"https:\/\/fonelight.com\/wp-content\/uploads\/2026\/02\/Screenshot_1.png 915w, https:\/\/fonelight.com\/wp-content\/uploads\/2026\/02\/Screenshot_1-600x433.png 600w, https:\/\/fonelight.com\/wp-content\/uploads\/2026\/02\/Screenshot_1-300x217.png 300w, https:\/\/fonelight.com\/wp-content\/uploads\/2026\/02\/Screenshot_1-768x555.png 768w\" sizes=\"(max-width: 915px) 100vw, 915px\" \/>\t\t\t\t\t\t\t\t\t\t\t\t\t\t\t<\/div>\n\t\t\t\t\t<\/div>\n\t\t<\/div>\n\t\t\t\t<div class=\"elementor-column elementor-col-50 elementor-top-column elementor-element elementor-element-8b9cfd5\" data-id=\"8b9cfd5\" data-element_type=\"column\" data-e-type=\"column\">\n\t\t\t<div class=\"elementor-widget-wrap elementor-element-populated\">\n\t\t\t\t\t\t<div class=\"elementor-element elementor-element-69110aff elementor-widget elementor-widget-heading\" data-id=\"69110aff\" data-element_type=\"widget\" data-e-type=\"widget\" data-widget_type=\"heading.default\">\n\t\t\t\t\t<h2 class=\"elementor-heading-title elementor-size-default\">\u041d\u0430\u0448\u0430\u0442\u0430 \u041f\u0440\u0438\u043a\u0430\u0437\u043d\u0430<\/h2>\t\t\t\t<\/div>\n\t\t\t\t<div class=\"elementor-element elementor-element-2882d66a elementor-widget elementor-widget-text-editor\" data-id=\"2882d66a\" data-element_type=\"widget\" data-e-type=\"widget\" data-widget_type=\"text-editor.default\">\n\t\t\t\t\t\t\t\t\t<p data-start=\"0\" data-end=\"256\">\u0412\u043e FoneLight \u0422\u0435\u0445\u043d\u043e\u043b\u043e\u0433\u0438\u0438, \u043d\u0438\u0435 \u0434\u0438\u0437\u0430\u0458\u043d \u0438 \u043f\u0440\u043e\u0438\u0437\u0432\u043e\u0434\u0441\u0442\u0432\u043e \u043d\u0430 \u043d\u0430\u0434\u0432\u043e\u0440\u0435\u0448\u043d\u043e \u0438 \u0432\u043d\u0430\u0442\u0440\u0435\u0448\u043d\u043e \u043e\u0441\u0432\u0435\u0442\u043b\u0443\u0432\u0430\u045a\u0435 \u043f\u0440\u043e\u0438\u0437\u0432\u043e\u0434\u0438 \u043a\u043e\u0438 \u0441\u0435 \u0442\u0440\u0430\u043d\u0441\u0444\u043e\u0440\u043c\u0438\u0440\u0430\u0430\u0442 \u0442\u0435\u043c\u043d\u0438\u043d\u0430\u0442\u0430 \u0432\u043e \u0443\u043d\u0438\u043a\u0430\u0442\u043d\u043e \u0432\u0438\u0437\u0443\u0435\u043b\u043d\u043e \u0434\u043e\u0436\u0438\u0432\u0443\u0432\u0430\u045a\u0435. \u041d\u0430\u0448\u0430 \u0441\u0442\u0440\u0430\u0441\u0442 \u0435 \u0434\u0430 \u0441\u0435 \u0441\u043e\u0437\u0434\u0430\u0434\u0435 \u043e\u0441\u0432\u0435\u0442\u043b\u0443\u0432\u0430\u045a\u0435 \u0440\u0435\u0448\u0435\u043d\u0438\u0458\u0430 \u043a\u043e\u0438 \u0441\u0435 \u043f\u043e\u0434\u043e\u0431\u0440\u0438 \u043f\u0440\u0435\u0441\u0442\u0438\u0436\u043e\u0442 \u0438 \u0434\u043e\u043d\u0435\u0441\u0435 \u0437\u0430\u0434\u043e\u0432\u043e\u043b\u0441\u0442\u0432\u043e \u0432\u043e \u0436\u0438\u0432\u043e\u0442\u043e\u0442 \u043d\u0430 \u043b\u0443\u0453\u0435\u0442\u043e.<\/p><p data-start=\"258\" data-end=\"427\">\u041d\u0430\u0448\u0438\u043e\u0442 \u043f\u0440\u043e\u0438\u0437\u0432\u043e\u0434 \u0440\u0430\u0437\u0432\u043e\u0458 \u0444\u0438\u043b\u043e\u0437\u043e\u0444\u0438\u0458\u0430 \u0435 \u0435\u0434\u043d\u043e\u0441\u0442\u0430\u0432\u043d\u0430: \u043a\u043e\u043b\u043a\u0443 \u043f\u043e\u0432\u0435\u045c\u0435 \u043c\u0438\u043d\u0438\u043c\u0430\u043b\u043d\u0438 \u0438 \u0444\u0443\u043d\u043a\u0446\u0438\u043e\u043d\u0430\u043b\u043d\u0430, \u043f\u043e\u0434\u043e\u0431\u0440\u043e \u0432\u0438\u0437\u0443\u0435\u043b\u043d\u043e \u0438\u0441\u043a\u0443\u0441\u0442\u0432\u043e. \u041c\u043e\u045c\u0442\u0430 \u043d\u0430 FoneLight \u043b\u0435\u0436\u0438 \u0432\u043e \u043d\u0430\u0434\u043c\u0438\u043d\u0443\u0432\u0430 \u043e\u0447\u0435\u043a\u0443\u0432\u0430\u045a\u0430\u0442\u0430.<\/p><p data-start=\"429\" data-end=\"609\" data-is-last-node=\"\" data-is-only-node=\"\">\u041d\u0438\u0435 \u0441\u0435 \u0441\u0442\u0440\u0435\u043c\u0438\u043c\u0435 \u0434\u0430 \u0441\u0435 \u0434\u043e\u043d\u0435\u0441\u0435 FoneLight \u043c\u043e\u0434\u0435\u0440\u043d\u0430\u0442\u0430 \u0438 \u0438\u043d\u0442\u0435\u043b\u0438\u0433\u0435\u043d\u0442\u043d\u0438 \u043e\u0441\u0432\u0435\u0442\u043b\u0443\u0432\u0430\u045a\u0435 \u043f\u0440\u043e\u0438\u0437\u0432\u043e\u0434\u0438 \u0432\u043e \u0441\u0432\u0435\u0442\u043e\u0442. \u041a\u0430\u043a\u043e \u0448\u0442\u043e \u043d\u0438\u0435 \u0432\u043e \u043e\u0441\u0442\u0432\u0430\u0440\u0443\u0432\u0430\u045a\u0435\u0442\u043e \u043d\u0430 \u043e\u0432\u0430\u0430 \u0432\u0438\u0437\u0438\u0458\u0430, \u043d\u0430\u0448\u0430\u0442\u0430 \u043f\u0440\u0438\u043c\u0430\u0440\u043d\u0430 \u043c\u043e\u0442\u0438\u0432\u0430\u0446\u0438\u0458\u0430 \u0435 \u0434\u0430 \u0441\u0435 \u043e\u0431\u0435\u0437\u0431\u0435\u0434\u0438 \u043b\u0435\u0441\u043d\u0430 \u043a\u043b\u0438\u0435\u043d\u0442 \u0438\u0441\u043a\u0443\u0441\u0442\u0432\u043e.<\/p>\t\t\t\t\t\t\t\t<\/div>\n\t\t\t\t\t<\/div>\n\t\t<\/div>\n\t\t\t\t\t<\/div>\n\t\t<\/section>\n\t\t\t\t<section class=\"elementor-section elementor-top-section elementor-element elementor-element-3e3fe6ec elementor-section-content-middle elementor-section-boxed elementor-section-height-default elementor-section-height-default\" data-id=\"3e3fe6ec\" data-element_type=\"section\" data-e-type=\"section\">\n\t\t\t\t\t\t<div class=\"elementor-container elementor-column-gap-default\">\n\t\t\t\t\t<div class=\"elementor-column elementor-col-33 elementor-top-column elementor-element elementor-element-7e9b0d67\" data-id=\"7e9b0d67\" data-element_type=\"column\" data-e-type=\"column\">\n\t\t\t<div class=\"elementor-widget-wrap elementor-element-populated\">\n\t\t\t\t\t\t<div class=\"elementor-element elementor-element-6793b0d5 elementor-widget elementor-widget-heading\" data-id=\"6793b0d5\" data-element_type=\"widget\" data-e-type=\"widget\" data-widget_type=\"heading.default\">\n\t\t\t\t\t<h2 class=\"elementor-heading-title elementor-size-default\">\u041d\u0430\u0448\u0430\u0442\u0430 \u0432\u0438\u0437\u0438\u0458\u0430<\/h2>\t\t\t\t<\/div>\n\t\t\t\t<div class=\"elementor-element elementor-element-6411c18c elementor-widget elementor-widget-text-editor\" data-id=\"6411c18c\" data-element_type=\"widget\" data-e-type=\"widget\" data-widget_type=\"text-editor.default\">\n\t\t\t\t\t\t\t\t\t<p data-start=\"0\" data-end=\"256\">\u041d\u0430\u0448\u0430\u0442\u0430 \u0432\u0438\u0437\u0438\u0458\u0430 \u0435 \u0434\u0430 \u0441\u0442\u0430\u043d\u0435\u043c\u0435 \u0432\u043e\u0434\u0435\u0447\u043a\u0438 \u043c\u0435\u0453\u0443\u043d\u0430\u0440\u043e\u0434\u0435\u043d \u043f\u0440\u043e\u0438\u0437\u0432\u043e\u0434\u0438\u0442\u0435\u043b \u043d\u0430 \u043f\u0440\u043e\u0438\u0437\u0432\u043e\u0434\u0438 \u0437\u0430 \u043e\u0441\u0432\u0435\u0442\u043b\u0443\u0432\u0430\u045a\u0435, \u043a\u043e\u0458 \u0434\u0438\u0437\u0430\u0458\u043d\u0438\u0440\u0430 \u0438 \u043f\u0440\u043e\u0438\u0437\u0432\u0435\u0434\u0443\u0432\u0430 \u0438\u043d\u043e\u0432\u0430\u0442\u0438\u0432\u043d\u0438 \u0438 \u043f\u0430\u043c\u0435\u0442\u043d\u0438 \u043f\u0440\u043e\u0438\u0437\u0432\u043e\u0434\u0438 \u0437\u0430 \u043e\u0441\u0432\u0435\u0442\u043b\u0443\u0432\u0430\u045a\u0435 \u043a\u043e\u0438 \u045c\u0435 \u0433\u0438 \u043e\u0441\u0432\u0435\u0442\u043b\u0430\u0442 \u0441\u0438\u0442\u0435 \u043a\u043e\u043d\u0442\u0438\u043d\u0435\u043d\u0442\u0438.<\/p>\t\t\t\t\t\t\t\t<\/div>\n\t\t\t\t\t<\/div>\n\t\t<\/div>\n\t\t\t\t<div class=\"elementor-column elementor-col-33 elementor-top-column elementor-element elementor-element-12f06bbe\" data-id=\"12f06bbe\" data-element_type=\"column\" data-e-type=\"column\">\n\t\t\t<div class=\"elementor-widget-wrap elementor-element-populated\">\n\t\t\t\t\t\t<div class=\"elementor-element elementor-element-3f4c3b54 elementor-widget elementor-widget-heading\" data-id=\"3f4c3b54\" data-element_type=\"widget\" data-e-type=\"widget\" data-widget_type=\"heading.default\">\n\t\t\t\t\t<h2 class=\"elementor-heading-title elementor-size-default\">\u041d\u0430\u0448\u0430 \u041c\u0418\u0421\u0418\u0408\u0410<\/h2>\t\t\t\t<\/div>\n\t\t\t\t<div class=\"elementor-element elementor-element-2da08beb elementor-widget elementor-widget-text-editor\" data-id=\"2da08beb\" data-element_type=\"widget\" data-e-type=\"widget\" data-widget_type=\"text-editor.default\">\n\t\t\t\t\t\t\t\t\t<p data-start=\"0\" data-end=\"256\">\u041d\u0430\u0448\u0430\u0442\u0430 \u0432\u0438\u0437\u0438\u0458\u0430 \u0435 \u0434\u0430 \u0441\u0442\u0430\u043d\u0435\u043c\u0435 \u0432\u043e\u0434\u0435\u0447\u043a\u0438 \u043c\u0435\u0453\u0443\u043d\u0430\u0440\u043e\u0434\u0435\u043d \u043f\u0440\u043e\u0438\u0437\u0432\u043e\u0434\u0438\u0442\u0435\u043b \u043d\u0430 \u043f\u0440\u043e\u0438\u0437\u0432\u043e\u0434\u0438 \u0437\u0430 \u043e\u0441\u0432\u0435\u0442\u043b\u0443\u0432\u0430\u045a\u0435, \u043a\u043e\u0458 \u0434\u0438\u0437\u0430\u0458\u043d\u0438\u0440\u0430 \u0438 \u043f\u0440\u043e\u0438\u0437\u0432\u0435\u0434\u0443\u0432\u0430 \u0438\u043d\u043e\u0432\u0430\u0442\u0438\u0432\u043d\u0438 \u0438 \u043f\u0430\u043c\u0435\u0442\u043d\u0438 \u043f\u0440\u043e\u0438\u0437\u0432\u043e\u0434\u0438 \u0437\u0430 \u043e\u0441\u0432\u0435\u0442\u043b\u0443\u0432\u0430\u045a\u0435 \u043a\u043e\u0438 \u045c\u0435 \u0433\u0438 \u043e\u0441\u0432\u0435\u0442\u043b\u0430\u0442 \u0441\u0438\u0442\u0435 \u043a\u043e\u043d\u0442\u0438\u043d\u0435\u043d\u0442\u0438.<\/p>\t\t\t\t\t\t\t\t<\/div>\n\t\t\t\t\t<\/div>\n\t\t<\/div>\n\t\t\t\t<div class=\"elementor-column elementor-col-33 elementor-top-column elementor-element elementor-element-9c1878\" data-id=\"9c1878\" data-element_type=\"column\" data-e-type=\"column\">\n\t\t\t<div class=\"elementor-widget-wrap elementor-element-populated\">\n\t\t\t\t\t\t<div class=\"elementor-element elementor-element-4712ba6d elementor-widget elementor-widget-heading\" data-id=\"4712ba6d\" data-element_type=\"widget\" data-e-type=\"widget\" data-widget_type=\"heading.default\">\n\t\t\t\t\t<h2 class=\"elementor-heading-title elementor-size-default\">\u041d\u0430\u0448\u0438\u0442\u0435 \u0432\u0440\u0435\u0434\u043d\u043e\u0441\u0442\u0438<\/h2>\t\t\t\t<\/div>\n\t\t\t\t<div class=\"elementor-element elementor-element-676f809a elementor-widget elementor-widget-text-editor\" data-id=\"676f809a\" data-element_type=\"widget\" data-e-type=\"widget\" data-widget_type=\"text-editor.default\">\n\t\t\t\t\t\t\t\t\t<p data-start=\"0\" data-end=\"256\">\u0421\u0435 \u0433\u0440\u0438\u0436\u0438\u043c\u0435 \u0437\u0430 \u043d\u0430\u0448\u0438\u0442\u0435 \u043f\u0430\u0440\u0442\u043d\u0435\u0440\u0438, \u0438\u0441\u043a\u0443\u0441\u0442\u0432\u043e\u0442\u043e \u043d\u0430 \u043a\u043b\u0438\u0435\u043d\u0442\u0438\u0442\u0435 \u0438 \u0436\u0438\u0432\u043e\u0442\u043d\u0430\u0442\u0430 \u0441\u0440\u0435\u0434\u0438\u043d\u0430! \u0417\u0430\u0442\u043e\u0430, \u043f\u0440\u043e\u0438\u0437\u0432\u0435\u0434\u0443\u0432\u0430\u043c\u0435 \u0432\u0438\u0441\u043e\u043a\u043e\u0442\u0435\u0445\u043d\u043e\u043b\u043e\u0448\u043a\u0438\/\u043a\u0432\u0430\u043b\u0438\u0442\u0435\u0442\u043d\u0438 \u043f\u0440\u043e\u0438\u0437\u0432\u043e\u0434\u0438 \u0441\u043e \u0435\u043a\u043e\u043b\u043e\u0448\u043a\u0438 \u043a\u0430\u0440\u0430\u043a\u0442\u0435\u0440\u0438\u0441\u0442\u0438\u043a\u0438 \u0432\u043e \u0441\u043e\u0433\u043b\u0430\u0441\u043d\u043e\u0441\u0442 \u0441\u043e \u0441\u0442\u0430\u043d\u0434\u0430\u0440\u0434\u0438\u0442\u0435 \u0437\u0430 \u043e\u0434\u0440\u0436\u043b\u0438\u0432\u043e \u043f\u0440\u043e\u0438\u0437\u0432\u043e\u0434\u0441\u0442\u0432\u043e.<\/p>\t\t\t\t\t\t\t\t<\/div>\n\t\t\t\t\t<\/div>\n\t\t<\/div>\n\t\t\t\t\t<\/div>\n\t\t<\/section>\n\t\t\t\t<section class=\"elementor-section elementor-top-section elementor-element elementor-element-303ecb50 elementor-section-boxed elementor-section-height-default elementor-section-height-default\" data-id=\"303ecb50\" data-element_type=\"section\" data-e-type=\"section\" data-settings=\"{&quot;background_background&quot;:&quot;classic&quot;}\">\n\t\t\t\t\t\t\t<div class=\"elementor-background-overlay\"><\/div>\n\t\t\t\t\t\t\t<div class=\"elementor-container elementor-column-gap-default\">\n\t\t\t\t\t<div class=\"elementor-column elementor-col-100 elementor-top-column elementor-element elementor-element-64340d31\" data-id=\"64340d31\" data-element_type=\"column\" data-e-type=\"column\">\n\t\t\t<div class=\"elementor-widget-wrap elementor-element-populated\">\n\t\t\t\t\t\t<section class=\"elementor-section elementor-inner-section elementor-element elementor-element-58203e7 elementor-section-content-middle elementor-section-boxed elementor-section-height-default elementor-section-height-default\" data-id=\"58203e7\" data-element_type=\"section\" data-e-type=\"section\">\n\t\t\t\t\t\t<div class=\"elementor-container elementor-column-gap-no\">\n\t\t\t\t\t<div class=\"elementor-column elementor-col-50 elementor-inner-column elementor-element elementor-element-11a62b26\" data-id=\"11a62b26\" data-element_type=\"column\" data-e-type=\"column\">\n\t\t\t<div class=\"elementor-widget-wrap elementor-element-populated\">\n\t\t\t\t\t\t<div class=\"elementor-element elementor-element-45c8e4db elementor-widget elementor-widget-heading\" data-id=\"45c8e4db\" data-element_type=\"widget\" data-e-type=\"widget\" data-widget_type=\"heading.default\">\n\t\t\t\t\t<h2 class=\"elementor-heading-title elementor-size-default\">\u0414\u0430 \u0440\u0430\u0431\u043e\u0442\u0438\u043c\u0435 \u0437\u0430\u0435\u0434\u043d\u043e!<\/h2>\t\t\t\t<\/div>\n\t\t\t\t<div class=\"elementor-element elementor-element-67b095b1 elementor-widget elementor-widget-text-editor\" data-id=\"67b095b1\" data-element_type=\"widget\" data-e-type=\"widget\" data-widget_type=\"text-editor.default\">\n\t\t\t\t\t\t\t\t\t<p>FoneLight \u0435 \u043a\u043e\u043c\u043f\u0430\u043d\u0438\u0458\u0430 \u0437\u0430 \u043f\u0440\u043e\u0438\u0437\u0432\u043e\u0434\u0441\u0442\u0432\u043e \u043d\u0430 \u043f\u0440\u043e\u0438\u0437\u0432\u043e\u0434\u0438 \u0437\u0430 \u043d\u0430\u0434\u0432\u043e\u0440\u0435\u0448\u043d\u043e \u0438 \u0432\u043d\u0430\u0442\u0440\u0435\u0448\u043d\u043e \u043e\u0441\u0432\u0435\u0442\u043b\u0443\u0432\u0430\u045a\u0435 \u0437\u0430 \u043f\u0440\u043e\u0434\u0430\u0436\u0431\u0430 \u043d\u0430 \u0433\u043e\u043b\u0435\u043c\u043e \u0438 \u043c\u0430\u043b\u043e \u043d\u0438\u0437 \u0446\u0435\u043b\u0438\u043e\u0442 \u0441\u0432\u0435\u0442.<\/p><p><strong>\u041f\u0440\u043e\u0434\u0430\u0436\u0431\u0430 \u043d\u0430 \u043c\u0430\u043b\u043e:<\/strong> Review our modern outdoor lighting products; bollards, sconces, and poles.<\/p><p><strong>\u0422\u0440\u0433\u043e\u0432\u0438\u0458\u0430 \u043d\u0430 \u0433\u043e\u043b\u0435\u043c\u043e:<\/strong> \u0414\u043e\u043a\u043e\u043b\u043a\u0443 \u0441\u0442\u0435 \u0437\u0430\u0438\u043d\u0442\u0435\u0440\u0435\u0441\u0438\u0440\u0430\u043d\u0438 \u0437\u0430 \u0441\u043e\u0440\u0430\u0431\u043e\u0442\u043a\u0430 \u0441\u043e \u043d\u0430\u0441, \u0437\u0430 \u043f\u0440\u043e\u0434\u0430\u0436\u0431\u0430 \u043d\u0430 \u0433\u043e\u043b\u0435\u043c\u043e.<\/p>\t\t\t\t\t\t\t\t<\/div>\n\t\t\t\t<div class=\"elementor-element elementor-element-6046b0b0 elementor-align-left elementor-mobile-align-justify elementor-widget elementor-widget-button\" data-id=\"6046b0b0\" data-element_type=\"widget\" data-e-type=\"widget\" data-widget_type=\"button.default\">\n\t\t\t\t\t\t\t\t\t\t<a class=\"elementor-button elementor-button-link elementor-size-sm\" href=\"https:\/\/fonelight.com\/mk\/partner-application\/\">\n\t\t\t\t\t\t<span class=\"elementor-button-content-wrapper\">\n\t\t\t\t\t\t\t\t\t<span class=\"elementor-button-text\">\u0410\u041f\u041b\u0418\u0426\u0418\u0420\u0410\u0408\u0422\u0415 \u0417\u0410 \u041f\u0410\u0420\u0422\u041d\u0415\u0420\u0421\u0422\u0412\u041e<\/span>\n\t\t\t\t\t<\/span>\n\t\t\t\t\t<\/a>\n\t\t\t\t\t\t\t\t<\/div>\n\t\t\t\t\t<\/div>\n\t\t<\/div>\n\t\t\t\t<div class=\"elementor-column elementor-col-50 elementor-inner-column elementor-element elementor-element-45b15877\" data-id=\"45b15877\" data-element_type=\"column\" data-e-type=\"column\">\n\t\t\t<div class=\"elementor-widget-wrap elementor-element-populated\">\n\t\t\t\t\t\t<div class=\"elementor-element elementor-element-13d3315a elementor-widget elementor-widget-image-carousel\" data-id=\"13d3315a\" data-element_type=\"widget\" data-e-type=\"widget\" data-settings=\"{&quot;slides_to_show&quot;:&quot;4&quot;,&quot;navigation&quot;:&quot;none&quot;,&quot;autoplay_speed&quot;:2000,&quot;image_spacing_custom&quot;:{&quot;unit&quot;:&quot;px&quot;,&quot;size&quot;:30,&quot;sizes&quot;:[]},&quot;slides_to_show_mobile&quot;:&quot;3&quot;,&quot;image_spacing_custom_mobile&quot;:{&quot;unit&quot;:&quot;px&quot;,&quot;size&quot;:37,&quot;sizes&quot;:[]},&quot;autoplay&quot;:&quot;yes&quot;,&quot;pause_on_hover&quot;:&quot;yes&quot;,&quot;pause_on_interaction&quot;:&quot;yes&quot;,&quot;speed&quot;:500,&quot;image_spacing_custom_tablet&quot;:{&quot;unit&quot;:&quot;px&quot;,&quot;size&quot;:&quot;&quot;,&quot;sizes&quot;:[]}}\" data-widget_type=\"image-carousel.default\">\n\t\t\t\t\t\t\t<div class=\"elementor-image-carousel-wrapper swiper\" role=\"region\" aria-roledescription=\"carousel\" aria-label=\"Resim D\u00f6ng\u00fcs\u00fc\" dir=\"ltr\">\n\t\t\t<div class=\"elementor-image-carousel swiper-wrapper\" aria-live=\"off\">\n\t\t\t\t\t\t\t\t<div class=\"swiper-slide\" role=\"group\" aria-roledescription=\"slide\" aria-label=\"1 von 6\" data-no-translation-aria-label=\"\"><figure class=\"swiper-slide-inner\"><img decoding=\"async\" class=\"swiper-slide-image\" src=\"https:\/\/fonelight.com\/wp-content\/uploads\/2026\/02\/Bir-baslik-ekleyin-3.png\" alt=\"Bir-baslik-ekleyin-3.png\" \/><\/figure><\/div><div class=\"swiper-slide\" role=\"group\" aria-roledescription=\"slide\" aria-label=\"2 von 6\" data-no-translation-aria-label=\"\"><figure class=\"swiper-slide-inner\"><img decoding=\"async\" class=\"swiper-slide-image\" src=\"https:\/\/fonelight.com\/wp-content\/uploads\/2026\/02\/Bir-baslik-ekleyin-4.png\" alt=\"Bir-baslik-ekleyin-4.png\" \/><\/figure><\/div><div class=\"swiper-slide\" role=\"group\" aria-roledescription=\"slide\" aria-label=\"3 von 6\" data-no-translation-aria-label=\"\"><figure class=\"swiper-slide-inner\"><img decoding=\"async\" class=\"swiper-slide-image\" src=\"https:\/\/fonelight.com\/wp-content\/uploads\/2026\/02\/Bir-baslik-ekleyin-5.png\" alt=\"Bir-baslik-ekleyin-5.png\" \/><\/figure><\/div><div class=\"swiper-slide\" role=\"group\" aria-roledescription=\"slide\" aria-label=\"4 von 6\" data-no-translation-aria-label=\"\"><figure class=\"swiper-slide-inner\"><img decoding=\"async\" class=\"swiper-slide-image\" src=\"https:\/\/fonelight.com\/wp-content\/uploads\/2026\/02\/Bir-baslik-ekleyin-6.png\" alt=\"Bir-baslik-ekleyin-6.png\" \/><\/figure><\/div><div class=\"swiper-slide\" role=\"group\" aria-roledescription=\"slide\" aria-label=\"5 von 6\" data-no-translation-aria-label=\"\"><figure class=\"swiper-slide-inner\"><img decoding=\"async\" class=\"swiper-slide-image\" src=\"https:\/\/fonelight.com\/wp-content\/uploads\/2026\/02\/Bir-baslik-ekleyin-7.png\" alt=\"Bir-baslik-ekleyin-7.png\" \/><\/figure><\/div><div class=\"swiper-slide\" role=\"group\" aria-roledescription=\"slide\" aria-label=\"6 von 6\" data-no-translation-aria-label=\"\"><figure class=\"swiper-slide-inner\"><img decoding=\"async\" class=\"swiper-slide-image\" src=\"https:\/\/fonelight.com\/wp-content\/uploads\/2026\/02\/Bir-baslik-ekleyin-8.png\" alt=\"Bir-baslik-ekleyin-8.png\" \/><\/figure><\/div>\t\t\t<\/div>\n\t\t\t\t\t\t\t\n\t\t\t\t\t\t\t\t\t<\/div>\n\t\t\t\t\t\t<\/div>\n\t\t\t\t\t<\/div>\n\t\t<\/div>\n\t\t\t\t\t<\/div>\n\t\t<\/section>\n\t\t\t\t\t<\/div>\n\t\t<\/div>\n\t\t\t\t\t<\/div>\n\t\t<\/section>\n\t\t\t\t<\/div>","protected":false},"excerpt":{"rendered":"<p>About Us As a trusted outdoor light manufacturer, Fonelight designs and produces modern outdoor lights. We deliver outdoor lights worldwide. We envision enhancing outdoor spaces with quality outdoor lights while providing a seamless customer experience. Home Our Story At FoneLight Technologies, we design and manufacture indoor and outdoor lighting products that transform darkness into a [&hellip;]<\/p>\n","protected":false},"author":1,"featured_media":0,"parent":0,"menu_order":0,"comment_status":"closed","ping_status":"closed","template":"elementor_header_footer","meta":{"_acf_changed":false,"footnotes":""},"class_list":["post-39","page","type-page","status-publish","hentry"],"acf":[],"_links":{"self":[{"href":"https:\/\/fonelight.com\/mk\/wp-json\/wp\/v2\/pages\/39","targetHints":{"allow":["GET"]}}],"collection":[{"href":"https:\/\/fonelight.com\/mk\/wp-json\/wp\/v2\/pages"}],"about":[{"href":"https:\/\/fonelight.com\/mk\/wp-json\/wp\/v2\/types\/page"}],"author":[{"embeddable":true,"href":"https:\/\/fonelight.com\/mk\/wp-json\/wp\/v2\/users\/1"}],"replies":[{"embeddable":true,"href":"https:\/\/fonelight.com\/mk\/wp-json\/wp\/v2\/comments?post=39"}],"version-history":[{"count":0,"href":"https:\/\/fonelight.com\/mk\/wp-json\/wp\/v2\/pages\/39\/revisions"}],"wp:attachment":[{"href":"https:\/\/fonelight.com\/mk\/wp-json\/wp\/v2\/media?parent=39"}],"curies":[{"name":"wp","href":"https:\/\/api.w.org\/{rel}","templated":true}]}}