{"id":858,"date":"2026-03-03T10:27:06","date_gmt":"2026-03-03T10:27:06","guid":{"rendered":"https:\/\/fonelight.com\/?post_type=product&#038;p=858"},"modified":"2026-03-31T07:41:36","modified_gmt":"2026-03-31T07:41:36","slug":"dualluz-poteau-deco-eclairage-double-face-en-aluminium","status":"publish","type":"product","link":"https:\/\/fonelight.com\/fr\/product\/dualluz-aluminum-2-way-pole-light\/","title":{"rendered":"Dualluz Aluminium 2-Way P\u00f4le De La Lumi\u00e8re"},"content":{"rendered":"<p><strong>Body Material:<\/strong>\u00a0Aluminium<\/p>\n<p><strong>Size Options:<\/strong> 12x12x100 cm, 12x12x200 cm, 15x15x300 cm<\/p>\n<p><strong>IP-Class:<\/strong>\u00a0IP65 (de l'Eau et \u00e0 la Poussi\u00e8re)<\/p>\n<p><strong>Body Colour Options:<\/strong>\u00a0Anthracite Grey(RAL 7016), Black (RAL 9005), Customisable Color for Bulk Orders<\/p>\n<p><strong>Paint Type:<\/strong>\u00a0Rev\u00eatement En Poudre \u00c9lectrostatique<\/p>\n<p><strong>Power Source:<\/strong>\u00a0L'\u00e9lectricit\u00e9<\/p>\n<p><strong>Watt:<\/strong> 18Wx2, 20Wx2<\/p>\n<p><strong>Lamp Type:<\/strong> LED-Card Light<\/p>\n<p><strong>Light Temperature Options:<\/strong>\u00a03000K, 4000K, 6500K, Personnalisable.<\/p>\n<p><strong>Applicable Areas:<\/strong> L'\u00e9clairage du jardin, \u00e9clairage de paysage, \u00e9clairage des all\u00e9es, le passage de l'\u00e9clairage, la lumi\u00e8re ext\u00e9rieure.<\/p>","protected":false},"excerpt":{"rendered":"<p>Durable aluminum outdoor pole lights \u2013 weather-resistant, sleek design for streets, gardens &amp; commercial spaces. Engineered for lasting performance.<\/p>","protected":false},"featured_media":882,"template":"","meta":{"_acf_changed":false},"product_brand":[31],"product_cat":[110,95,96,107,97],"product_tag":[99,101,102,108,103,104],"class_list":{"0":"post-858","1":"product","2":"type-product","3":"status-publish","4":"has-post-thumbnail","6":"product_brand-fonelight","7":"product_cat-dualluz-model","8":"product_cat-garden-lights","9":"product_cat-landscape-lighting","10":"product_cat-light-poles","11":"product_cat-outdoor-lights","12":"product_tag-aluminum-light","13":"product_tag-garden-lighting","14":"product_tag-landscape-lighting","15":"product_tag-lighting-pole","16":"product_tag-outdoor-led-light","17":"product_tag-outdoor-lighting","19":"first","20":"instock","21":"shipping-taxable","22":"purchasable","23":"product-type-variable","24":"has-default-attributes"},"acf":[],"_links":{"self":[{"href":"https:\/\/fonelight.com\/fr\/wp-json\/wp\/v2\/product\/858","targetHints":{"allow":["GET"]}}],"collection":[{"href":"https:\/\/fonelight.com\/fr\/wp-json\/wp\/v2\/product"}],"about":[{"href":"https:\/\/fonelight.com\/fr\/wp-json\/wp\/v2\/types\/product"}],"wp:featuredmedia":[{"embeddable":true,"href":"https:\/\/fonelight.com\/fr\/wp-json\/wp\/v2\/media\/882"}],"wp:attachment":[{"href":"https:\/\/fonelight.com\/fr\/wp-json\/wp\/v2\/media?parent=858"}],"wp:term":[{"taxonomy":"product_brand","embeddable":true,"href":"https:\/\/fonelight.com\/fr\/wp-json\/wp\/v2\/product_brand?post=858"},{"taxonomy":"product_cat","embeddable":true,"href":"https:\/\/fonelight.com\/fr\/wp-json\/wp\/v2\/product_cat?post=858"},{"taxonomy":"product_tag","embeddable":true,"href":"https:\/\/fonelight.com\/fr\/wp-json\/wp\/v2\/product_tag?post=858"}],"curies":[{"name":"wp","href":"https:\/\/api.w.org\/{rel}","templated":true}]}}