{"id":849,"date":"2026-03-03T10:27:05","date_gmt":"2026-03-03T10:27:05","guid":{"rendered":"https:\/\/fonelight.com\/?post_type=product&#038;p=849"},"modified":"2026-03-31T07:46:40","modified_gmt":"2026-03-31T07:46:40","slug":"naja-eclairage-sentier-jardin","status":"publish","type":"product","link":"https:\/\/fonelight.com\/fr\/product\/naja-bollard-light-pathway-lighting\/","title":{"rendered":"Naja Borne De Lumi\u00e8re De Voie D'\u00c9clairage"},"content":{"rendered":"<p><strong>Body Material:<\/strong>\u00a0Aluminium<\/p>\n<p><strong>Size Options:<\/strong> 10x3x30 cm, 10x3x50 cm, 10x3x80 cm<\/p>\n<p><strong>IP-Class:<\/strong>\u00a0IP65 (de l'Eau et \u00e0 la Poussi\u00e8re)<\/p>\n<p><strong>Body Colour Options:<\/strong>\u00a0Anthracite Grey(RAL 7016), Black (RAL 9005), Customisable Color for Bulk Orders<\/p>\n<p><strong>Paint Type:<\/strong>\u00a0Rev\u00eatement En Poudre \u00c9lectrostatique<\/p>\n<p><strong>Power Source:<\/strong>\u00a0L'\u00e9lectricit\u00e9<\/p>\n<p><strong>Watt:<\/strong>\u00a07W, 9W<\/p>\n<p><strong>Lamp Type:<\/strong> Led-Card<\/p>\n<p><strong>Light Temperature Options:<\/strong> 4000K, Customisable.<\/p>\n<p><strong>Applicable Areas:<\/strong> L'\u00e9clairage du jardin, \u00e9clairage de paysage, \u00e9clairage des all\u00e9es, le passage de l'\u00e9clairage, la lumi\u00e8re ext\u00e9rieure.<\/p>","protected":false},"excerpt":{"rendered":"<p class=\"p1\">A modern, durable aluminum garden lighting solution by Fonelight. Enhance pathways and gardens with its sleek, energy-efficient design.<\/p>","protected":false},"featured_media":876,"template":"","meta":{"_acf_changed":false},"product_brand":[31],"product_cat":[94,95,96,109,97,98],"product_tag":[99,100,101,102,103,104],"class_list":{"0":"post-849","1":"product","2":"type-product","3":"status-publish","4":"has-post-thumbnail","6":"product_brand-fonelight","7":"product_cat-bollards-lights","8":"product_cat-garden-lights","9":"product_cat-landscape-lighting","10":"product_cat-naja-model","11":"product_cat-outdoor-lights","12":"product_cat-path-lights","13":"product_tag-aluminum-light","14":"product_tag-bollard-light","15":"product_tag-garden-lighting","16":"product_tag-landscape-lighting","17":"product_tag-outdoor-led-light","18":"product_tag-outdoor-lighting","20":"first","21":"instock","22":"shipping-taxable","23":"purchasable","24":"product-type-variable","25":"has-default-attributes"},"acf":[],"_links":{"self":[{"href":"https:\/\/fonelight.com\/fr\/wp-json\/wp\/v2\/product\/849","targetHints":{"allow":["GET"]}}],"collection":[{"href":"https:\/\/fonelight.com\/fr\/wp-json\/wp\/v2\/product"}],"about":[{"href":"https:\/\/fonelight.com\/fr\/wp-json\/wp\/v2\/types\/product"}],"wp:featuredmedia":[{"embeddable":true,"href":"https:\/\/fonelight.com\/fr\/wp-json\/wp\/v2\/media\/876"}],"wp:attachment":[{"href":"https:\/\/fonelight.com\/fr\/wp-json\/wp\/v2\/media?parent=849"}],"wp:term":[{"taxonomy":"product_brand","embeddable":true,"href":"https:\/\/fonelight.com\/fr\/wp-json\/wp\/v2\/product_brand?post=849"},{"taxonomy":"product_cat","embeddable":true,"href":"https:\/\/fonelight.com\/fr\/wp-json\/wp\/v2\/product_cat?post=849"},{"taxonomy":"product_tag","embeddable":true,"href":"https:\/\/fonelight.com\/fr\/wp-json\/wp\/v2\/product_tag?post=849"}],"curies":[{"name":"wp","href":"https:\/\/api.w.org\/{rel}","templated":true}]}}